{"id":95880,"date":"2026-04-04T22:13:01","date_gmt":"2026-04-04T20:13:01","guid":{"rendered":"https:\/\/wahlengraubuenden.spschweiz.ch\/rhaezuens\/"},"modified":"2026-04-08T18:44:07","modified_gmt":"2026-04-08T16:44:07","slug":"rhaezuens","status":"publish","type":"page","link":"https:\/\/wahlengraubuenden.ch\/rm\/rhaezuens\/","title":{"rendered":"Rh\u00e4z\u00fcns"},"content":{"rendered":"\t\t<div data-elementor-type=\"wp-post\" data-elementor-id=\"95880\" class=\"elementor elementor-95880 elementor-94865\" data-elementor-post-type=\"page\">\n\t\t\t\t\t\t<section class=\"elementor-section elementor-top-section elementor-element elementor-element-642b70eb37bc5 elementor-section-boxed elementor-section-height-default elementor-section-height-default\" data-id=\"642b70eb37bc5\" data-element_type=\"section\" data-settings=\"{&quot;jet_parallax_layout_list&quot;:[]}\">\n\t\t\t\t\t\t<div class=\"elementor-container elementor-column-gap-no\">\n\t\t\t\t\t<div class=\"elementor-column elementor-col-100 elementor-top-column elementor-element elementor-element-09956e8\" data-id=\"09956e8\" data-element_type=\"column\">\n\t\t\t<div class=\"elementor-widget-wrap elementor-element-populated\">\n\t\t\t\t\t\t<div class=\"elementor-element elementor-element-36e41f2 elementor-widget elementor-widget-spps_person_grid\" data-id=\"36e41f2\" data-element_type=\"widget\" data-widget_type=\"spps_person_grid.default\">\n\t\t\t\t<div class=\"elementor-widget-container\">\n\t\t\t\t\t<div class=\"button-list-wrapper \"><div class=\"button-list-title\"><h2>Nossas candidaturas Rh\u00e4z\u00fcns<\/h2><\/div><div class=\"button-list-container\"><div class=\"persons persons-grid-4\"><div class=\"persons-items\"><div class=\"persons-item\"><div class=\"person-container\"><div class=\"person-portrait\"><a href=\"https:\/\/wahlengraubuenden.ch\/rm\/person\/silvia-bisculm-joerg\/\"><img decoding=\"async\" src=\"https:\/\/wahlengraubuenden.ch\/wp-content\/uploads\/sites\/22\/2026\/02\/Bisculm-Silvia-1-600x600.jpg?v=1771885885\" alt=\"Silvia Bisculm J\u00f6rg (bisher)\" loading=\"lazy\"><\/a><\/div><div class=\"person-content\"><a href=\"https:\/\/wahlengraubuenden.ch\/rm\/person\/silvia-bisculm-joerg\/\" class=\"person-name\"><p><strong>Silvia Bisculm J\u00f6rg (bisher)<\/strong><\/p><\/a><p class=\"person-position\">Dipl. Physiotherapeutin, Grossr\u00e4tin<\/p><\/div><\/div><\/div><div class=\"persons-item\"><div class=\"person-container\"><div class=\"person-portrait\"><a href=\"https:\/\/wahlengraubuenden.ch\/rm\/person\/martijn-van-kleef\/\"><img decoding=\"async\" src=\"https:\/\/wahlengraubuenden.ch\/wp-content\/uploads\/sites\/22\/2026\/02\/van-Kleef-Martijn-600x600.jpg?v=1772190975\" alt=\"Martijn van Kleef\" loading=\"lazy\"><\/a><\/div><div class=\"person-content\"><a href=\"https:\/\/wahlengraubuenden.ch\/rm\/person\/martijn-van-kleef\/\" class=\"person-name\"><p><strong>Martijn van Kleef<\/strong><\/p><\/a><p class=\"person-position\">Primarlehrperson, Gemeinderat<\/p><\/div><\/div><\/div><div class=\"persons-item\"><div class=\"person-container\"><div class=\"person-portrait\"><a href=\"https:\/\/wahlengraubuenden.ch\/rm\/person\/livia-benesch\/\"><img decoding=\"async\" src=\"https:\/\/wahlengraubuenden.ch\/wp-content\/uploads\/sites\/22\/2026\/02\/Benesch-Livia-1-600x600.jpg?v=1771885802\" alt=\"Livia Benesch\" loading=\"lazy\"><\/a><\/div><div class=\"person-content\"><a href=\"https:\/\/wahlengraubuenden.ch\/rm\/person\/livia-benesch\/\" class=\"person-name\"><p><strong>Livia Benesch<\/strong><\/p><\/a><p class=\"person-position\">Freipraktiziernde Hebamme, Mitinhaberin Hebammenpraxis m\u00e3ia<\/p><\/div><\/div><\/div><div class=\"persons-item\"><div class=\"person-container\"><div class=\"person-portrait\"><a href=\"https:\/\/wahlengraubuenden.ch\/rm\/person\/anita-caflisch-mueller\/\"><img decoding=\"async\" src=\"https:\/\/wahlengraubuenden.ch\/wp-content\/uploads\/sites\/22\/2026\/02\/Caflisch-Anita-600x600.jpg?v=1771711738\" alt=\"Anita Caflisch M\u00fcller\" loading=\"lazy\"><\/a><\/div><div class=\"person-content\"><a href=\"https:\/\/wahlengraubuenden.ch\/rm\/person\/anita-caflisch-mueller\/\" class=\"person-name\"><p><strong>Anita Caflisch M\u00fcller<\/strong><\/p><\/a><p class=\"person-position\">Haus\u00e4rztin<\/p><\/div><\/div><\/div><div class=\"persons-item\"><div class=\"person-container\"><div class=\"person-portrait\"><a href=\"https:\/\/wahlengraubuenden.ch\/rm\/person\/esther-roelli\/\"><img decoding=\"async\" src=\"https:\/\/wahlengraubuenden.ch\/wp-content\/uploads\/sites\/22\/2026\/02\/Roelli-Esther-2-600x600.jpg?v=1772016065\" alt=\"Esther R\u00f6lli\" loading=\"lazy\"><\/a><\/div><div class=\"person-content\"><a href=\"https:\/\/wahlengraubuenden.ch\/rm\/person\/esther-roelli\/\" class=\"person-name\"><p><strong>Esther R\u00f6lli<\/strong><\/p><\/a><p class=\"person-position\">Primarlehrerin, Schulische Heilp\u00e4dagogin <\/p><\/div><\/div><\/div><div class=\"persons-item\"><div class=\"person-container\"><div class=\"person-portrait\"><a href=\"https:\/\/wahlengraubuenden.ch\/rm\/person\/hanna-schaeublin\/\"><img decoding=\"async\" src=\"https:\/\/wahlengraubuenden.ch\/wp-content\/uploads\/sites\/22\/2026\/02\/Schaeubling-Hanna-1-600x600.jpg?v=1772016093\" alt=\"Hanna Sch\u00e4ublin\" loading=\"lazy\"><\/a><\/div><div class=\"person-content\"><a href=\"https:\/\/wahlengraubuenden.ch\/rm\/person\/hanna-schaeublin\/\" class=\"person-name\"><p><strong>Hanna Sch\u00e4ublin<\/strong><\/p><\/a><p class=\"person-position\">Selbstst\u00e4ndige Architektin, Zentrumsentwicklerin Domat\/Ems<\/p><\/div><\/div><\/div><div class=\"persons-item\"><div class=\"person-container\"><div class=\"person-portrait\"><a href=\"https:\/\/wahlengraubuenden.ch\/rm\/person\/kathrin-pfister\/\"><img decoding=\"async\" src=\"https:\/\/wahlengraubuenden.ch\/wp-content\/uploads\/sites\/22\/2026\/02\/Pfister-Kathrin-600x600.jpg?v=1772190977\" alt=\"Kathrin Pfister-Steeb\" loading=\"lazy\"><\/a><\/div><div class=\"person-content\"><a href=\"https:\/\/wahlengraubuenden.ch\/rm\/person\/kathrin-pfister\/\" class=\"person-name\"><p><strong>Kathrin Pfister-Steeb<\/strong><\/p><\/a><p class=\"person-position\">Umweltbildnerin, Gemeinder\u00e4tin<\/p><\/div><\/div><\/div><\/div><\/div><\/div><\/div>\t\t\t\t<\/div>\n\t\t\t\t<\/div>\n\t\t\t\t\t<\/div>\n\t\t<\/div>\n\t\t\t\t\t<\/div>\n\t\t<\/section>\n\t\t\t\t<section class=\"elementor-section elementor-top-section elementor-element elementor-element-933f0e1 elementor-section-boxed elementor-section-height-default elementor-section-height-default\" data-id=\"933f0e1\" data-element_type=\"section\" data-settings=\"{&quot;jet_parallax_layout_list&quot;:[]}\">\n\t\t\t\t\t\t<div class=\"elementor-container elementor-column-gap-default\">\n\t\t\t\t\t<div class=\"elementor-column elementor-col-50 elementor-top-column elementor-element elementor-element-996d7f5\" data-id=\"996d7f5\" data-element_type=\"column\">\n\t\t\t<div class=\"elementor-widget-wrap elementor-element-populated\">\n\t\t\t\t\t\t<div class=\"elementor-element elementor-element-0a7db63 elementor-widget elementor-widget-spps_button\" data-id=\"0a7db63\" data-element_type=\"widget\" data-widget_type=\"spps_button.default\">\n\t\t\t\t<div class=\"elementor-widget-container\">\n\t\t\t\t\t<div class=\"button-wrapper button-wrapper-left\"><a href=\"https:\/\/wahlengraubuenden.ch\/rm\/kandidat\/\"  target=\"_self\" class=\"button-link button-link-default\" >Nossas candidaturas<\/a><\/div>\t\t\t\t<\/div>\n\t\t\t\t<\/div>\n\t\t\t\t\t<\/div>\n\t\t<\/div>\n\t\t\t\t<div class=\"elementor-column elementor-col-50 elementor-top-column elementor-element elementor-element-f1201d7\" data-id=\"f1201d7\" data-element_type=\"column\">\n\t\t\t<div class=\"elementor-widget-wrap elementor-element-populated\">\n\t\t\t\t\t\t<div class=\"elementor-element elementor-element-14b2e8e elementor-widget elementor-widget-spps_button\" data-id=\"14b2e8e\" data-element_type=\"widget\" data-widget_type=\"spps_button.default\">\n\t\t\t\t<div class=\"elementor-widget-container\">\n\t\t\t\t\t<div class=\"button-wrapper button-wrapper-left\"><a href=\"https:\/\/wahlengraubuenden.ch\/rm\/wahlkreise\/\"  target=\"_self\" class=\"button-link button-link-default\" >Circuls electorals<\/a><\/div>\t\t\t\t<\/div>\n\t\t\t\t<\/div>\n\t\t\t\t\t<\/div>\n\t\t<\/div>\n\t\t\t\t\t<\/div>\n\t\t<\/section>\n\t\t\t\t<\/div>\n\t\t","protected":false},"excerpt":{"rendered":"<p>Nossas candidaturas Rh\u00e4z\u00fcns Silvia Bisculm J\u00f6rg (bisher) Dipl. Physiotherapeutin, Grossr\u00e4tin Martijn van Kleef Primarlehrperson, Gemeinderat Livia Benesch Freipraktiziernde Hebamme, Mitinhaberin Hebammenpraxis m\u00e3ia Anita Caflisch M\u00fcller Haus\u00e4rztin Esther R\u00f6lli Primarlehrerin, Schulische [&hellip;]<\/p>\n","protected":false},"author":13,"featured_media":0,"parent":0,"menu_order":23,"comment_status":"closed","ping_status":"closed","template":"","meta":{"footnotes":""},"class_list":["post-95880","page","type-page","status-publish","hentry"],"_links":{"self":[{"href":"https:\/\/wahlengraubuenden.ch\/rm\/wp-json\/wp\/v2\/pages\/95880","targetHints":{"allow":["GET"]}}],"collection":[{"href":"https:\/\/wahlengraubuenden.ch\/rm\/wp-json\/wp\/v2\/pages"}],"about":[{"href":"https:\/\/wahlengraubuenden.ch\/rm\/wp-json\/wp\/v2\/types\/page"}],"author":[{"embeddable":true,"href":"https:\/\/wahlengraubuenden.ch\/rm\/wp-json\/wp\/v2\/users\/13"}],"replies":[{"embeddable":true,"href":"https:\/\/wahlengraubuenden.ch\/rm\/wp-json\/wp\/v2\/comments?post=95880"}],"version-history":[{"count":4,"href":"https:\/\/wahlengraubuenden.ch\/rm\/wp-json\/wp\/v2\/pages\/95880\/revisions"}],"predecessor-version":[{"id":96091,"href":"https:\/\/wahlengraubuenden.ch\/rm\/wp-json\/wp\/v2\/pages\/95880\/revisions\/96091"}],"wp:attachment":[{"href":"https:\/\/wahlengraubuenden.ch\/rm\/wp-json\/wp\/v2\/media?parent=95880"}],"curies":[{"name":"wp","href":"https:\/\/api.w.org\/{rel}","templated":true}]}}