{"id":95869,"date":"2026-04-04T22:09:21","date_gmt":"2026-04-04T20:09:21","guid":{"rendered":"https:\/\/wahlengraubuenden.spschweiz.ch\/maienfeld\/"},"modified":"2026-04-04T22:09:23","modified_gmt":"2026-04-04T20:09:23","slug":"maienfeld","status":"publish","type":"page","link":"https:\/\/wahlengraubuenden.ch\/rm\/maienfeld\/","title":{"rendered":"Maienfeld"},"content":{"rendered":"\t\t<div data-elementor-type=\"wp-post\" data-elementor-id=\"95869\" class=\"elementor elementor-95869 elementor-94848\" data-elementor-post-type=\"page\">\n\t\t\t\t\t\t<section class=\"elementor-section elementor-top-section elementor-element elementor-element-642b70eb37bc5 elementor-section-boxed elementor-section-height-default elementor-section-height-default\" data-id=\"642b70eb37bc5\" data-element_type=\"section\" data-settings=\"{&quot;jet_parallax_layout_list&quot;:[]}\">\n\t\t\t\t\t\t<div class=\"elementor-container elementor-column-gap-no\">\n\t\t\t\t\t<div class=\"elementor-column elementor-col-100 elementor-top-column elementor-element elementor-element-09956e8\" data-id=\"09956e8\" data-element_type=\"column\">\n\t\t\t<div class=\"elementor-widget-wrap elementor-element-populated\">\n\t\t\t\t\t\t<div class=\"elementor-element elementor-element-36e41f2 elementor-widget elementor-widget-spps_person_grid\" data-id=\"36e41f2\" data-element_type=\"widget\" data-widget_type=\"spps_person_grid.default\">\n\t\t\t\t<div class=\"elementor-widget-container\">\n\t\t\t\t\t<div class=\"button-list-wrapper \"><div class=\"button-list-title\"><h2>Nossas candidaturas Maienfeld<\/h2><\/div><div class=\"button-list-container\"><div class=\"persons persons-grid-4\"><div class=\"persons-items\"><div class=\"persons-item\"><div class=\"person-container\"><div class=\"person-portrait\"><a href=\"https:\/\/wahlengraubuenden.ch\/rm\/person\/carolina-rusch-nigg\/\"><img decoding=\"async\" src=\"https:\/\/wahlengraubuenden.ch\/wp-content\/uploads\/sites\/22\/2026\/02\/Rusch-Carolina-600x600.jpg?v=1771711834\" alt=\"Carolina Rusch Nigg (bisher)\" loading=\"lazy\"><\/a><\/div><div class=\"person-content\"><a href=\"https:\/\/wahlengraubuenden.ch\/rm\/person\/carolina-rusch-nigg\/\" class=\"person-name\"><p><strong>Carolina Rusch Nigg (bisher)<\/strong><\/p><\/a><p class=\"person-position\">B\u00e4uerin, Juristin (Rechtsberatung in Teilzeit bei der Frauenzentrale Graub\u00fcnden), Hausfrau<\/p><\/div><\/div><\/div><div class=\"persons-item\"><div class=\"person-container\"><div class=\"person-portrait\"><a href=\"https:\/\/wahlengraubuenden.ch\/rm\/person\/bianca-gansner\/\"><img decoding=\"async\" src=\"https:\/\/wahlengraubuenden.ch\/wp-content\/uploads\/sites\/22\/2026\/02\/Gansner-Bianca-600x600.jpg?v=1771711776\" alt=\"Bianca Gansner\" loading=\"lazy\"><\/a><\/div><div class=\"person-content\"><a href=\"https:\/\/wahlengraubuenden.ch\/rm\/person\/bianca-gansner\/\" class=\"person-name\"><p><strong>Bianca Gansner<\/strong><\/p><\/a><p class=\"person-position\">Fachfrau Betreuung in einer Institution f\u00fcr Menschen mit mehrfacher Beeintr\u00e4chtigung<\/p><\/div><\/div><\/div><div class=\"persons-item\"><div class=\"person-container\"><div class=\"person-portrait\"><a href=\"https:\/\/wahlengraubuenden.ch\/rm\/person\/heinz-kunz\/\"><img decoding=\"async\" src=\"https:\/\/wahlengraubuenden.ch\/wp-content\/uploads\/sites\/22\/2026\/02\/Kunz-Heinz-600x600.jpg?v=1771711800\" alt=\"Heinz Kunz\" loading=\"lazy\"><\/a><\/div><div class=\"person-content\"><a href=\"https:\/\/wahlengraubuenden.ch\/rm\/person\/heinz-kunz\/\" class=\"person-name\"><p><strong>Heinz Kunz<\/strong><\/p><\/a><p class=\"person-position\">Winzer<\/p><\/div><\/div><\/div><div class=\"persons-item\"><div class=\"person-container\"><div class=\"person-portrait\"><a href=\"https:\/\/wahlengraubuenden.ch\/rm\/person\/koebi-gantenbein\/\"><img decoding=\"async\" src=\"https:\/\/wahlengraubuenden.ch\/wp-content\/uploads\/sites\/22\/2026\/02\/Gantenbein-Koebi-600x600.jpg?v=1771711780\" alt=\"K\u00f6bi Gantenbein\" loading=\"lazy\"><\/a><\/div><div class=\"person-content\"><a href=\"https:\/\/wahlengraubuenden.ch\/rm\/person\/koebi-gantenbein\/\" class=\"person-name\"><p><strong>K\u00f6bi Gantenbein<\/strong><\/p><\/a><p class=\"person-position\">Journalist und Musikant <\/p><\/div><\/div><\/div><\/div><\/div><\/div><\/div>\t\t\t\t<\/div>\n\t\t\t\t<\/div>\n\t\t\t\t\t<\/div>\n\t\t<\/div>\n\t\t\t\t\t<\/div>\n\t\t<\/section>\n\t\t\t\t<section class=\"elementor-section elementor-top-section elementor-element elementor-element-933f0e1 elementor-section-boxed elementor-section-height-default elementor-section-height-default\" data-id=\"933f0e1\" data-element_type=\"section\" data-settings=\"{&quot;jet_parallax_layout_list&quot;:[]}\">\n\t\t\t\t\t\t<div class=\"elementor-container elementor-column-gap-default\">\n\t\t\t\t\t<div class=\"elementor-column elementor-col-50 elementor-top-column elementor-element elementor-element-996d7f5\" data-id=\"996d7f5\" data-element_type=\"column\">\n\t\t\t<div class=\"elementor-widget-wrap elementor-element-populated\">\n\t\t\t\t\t\t<div class=\"elementor-element elementor-element-0a7db63 elementor-widget elementor-widget-spps_button\" data-id=\"0a7db63\" data-element_type=\"widget\" data-widget_type=\"spps_button.default\">\n\t\t\t\t<div class=\"elementor-widget-container\">\n\t\t\t\t\t<div class=\"button-wrapper button-wrapper-left\"><a href=\"https:\/\/wahlengraubuenden.ch\/rm\/kandidat\/\"  target=\"_self\" class=\"button-link button-link-default\" >Nossas candidaturas<\/a><\/div>\t\t\t\t<\/div>\n\t\t\t\t<\/div>\n\t\t\t\t\t<\/div>\n\t\t<\/div>\n\t\t\t\t<div class=\"elementor-column elementor-col-50 elementor-top-column elementor-element elementor-element-f1201d7\" data-id=\"f1201d7\" data-element_type=\"column\">\n\t\t\t<div class=\"elementor-widget-wrap elementor-element-populated\">\n\t\t\t\t\t\t<div class=\"elementor-element elementor-element-14b2e8e elementor-widget elementor-widget-spps_button\" data-id=\"14b2e8e\" data-element_type=\"widget\" data-widget_type=\"spps_button.default\">\n\t\t\t\t<div class=\"elementor-widget-container\">\n\t\t\t\t\t<div class=\"button-wrapper button-wrapper-left\"><a href=\"https:\/\/wahlengraubuenden.ch\/rm\/wahlkreise\/\"  target=\"_self\" class=\"button-link button-link-default\" >Circuls electorals<\/a><\/div>\t\t\t\t<\/div>\n\t\t\t\t<\/div>\n\t\t\t\t\t<\/div>\n\t\t<\/div>\n\t\t\t\t\t<\/div>\n\t\t<\/section>\n\t\t\t\t<\/div>\n\t\t","protected":false},"excerpt":{"rendered":"<p>Nossas candidaturas Maienfeld Carolina Rusch Nigg (bisher) B\u00e4uerin, Juristin (Rechtsberatung in Teilzeit bei der Frauenzentrale Graub\u00fcnden), Hausfrau Bianca Gansner Fachfrau Betreuung in einer Institution f\u00fcr Menschen mit mehrfacher Beeintr\u00e4chtigung Heinz [&hellip;]<\/p>\n","protected":false},"author":13,"featured_media":0,"parent":0,"menu_order":20,"comment_status":"closed","ping_status":"closed","template":"","meta":{"footnotes":""},"class_list":["post-95869","page","type-page","status-publish","hentry"],"_links":{"self":[{"href":"https:\/\/wahlengraubuenden.ch\/rm\/wp-json\/wp\/v2\/pages\/95869","targetHints":{"allow":["GET"]}}],"collection":[{"href":"https:\/\/wahlengraubuenden.ch\/rm\/wp-json\/wp\/v2\/pages"}],"about":[{"href":"https:\/\/wahlengraubuenden.ch\/rm\/wp-json\/wp\/v2\/types\/page"}],"author":[{"embeddable":true,"href":"https:\/\/wahlengraubuenden.ch\/rm\/wp-json\/wp\/v2\/users\/13"}],"replies":[{"embeddable":true,"href":"https:\/\/wahlengraubuenden.ch\/rm\/wp-json\/wp\/v2\/comments?post=95869"}],"version-history":[{"count":1,"href":"https:\/\/wahlengraubuenden.ch\/rm\/wp-json\/wp\/v2\/pages\/95869\/revisions"}],"predecessor-version":[{"id":95870,"href":"https:\/\/wahlengraubuenden.ch\/rm\/wp-json\/wp\/v2\/pages\/95869\/revisions\/95870"}],"wp:attachment":[{"href":"https:\/\/wahlengraubuenden.ch\/rm\/wp-json\/wp\/v2\/media?parent=95869"}],"curies":[{"name":"wp","href":"https:\/\/api.w.org\/{rel}","templated":true}]}}