{"id":95848,"date":"2026-04-04T21:59:46","date_gmt":"2026-04-04T19:59:46","guid":{"rendered":"https:\/\/wahlengraubuenden.spschweiz.ch\/fuenf-doerfer\/"},"modified":"2026-04-04T23:01:26","modified_gmt":"2026-04-04T21:01:26","slug":"fuenf-doerfer","status":"publish","type":"page","link":"https:\/\/wahlengraubuenden.ch\/rm\/fuenf-doerfer\/","title":{"rendered":"F\u00fcnf D\u00f6rfer"},"content":{"rendered":"\t\t<div data-elementor-type=\"wp-post\" data-elementor-id=\"95848\" class=\"elementor elementor-95848 elementor-94815\" data-elementor-post-type=\"page\">\n\t\t\t\t\t\t<section class=\"elementor-section elementor-top-section elementor-element elementor-element-642b70eb37bc5 elementor-section-boxed elementor-section-height-default elementor-section-height-default\" data-id=\"642b70eb37bc5\" data-element_type=\"section\" data-settings=\"{&quot;jet_parallax_layout_list&quot;:[]}\">\n\t\t\t\t\t\t<div class=\"elementor-container elementor-column-gap-no\">\n\t\t\t\t\t<div class=\"elementor-column elementor-col-100 elementor-top-column elementor-element elementor-element-09956e8\" data-id=\"09956e8\" data-element_type=\"column\">\n\t\t\t<div class=\"elementor-widget-wrap elementor-element-populated\">\n\t\t\t\t\t\t<div class=\"elementor-element elementor-element-36e41f2 elementor-widget elementor-widget-spps_person_grid\" data-id=\"36e41f2\" data-element_type=\"widget\" data-widget_type=\"spps_person_grid.default\">\n\t\t\t\t<div class=\"elementor-widget-container\">\n\t\t\t\t\t<div class=\"button-list-wrapper \"><div class=\"button-list-title\"><h2>Nossas candidaturas F\u00fcnf D\u00f6rfer<\/h2><\/div><div class=\"button-list-container\"><div class=\"persons persons-grid-4\"><div class=\"persons-items\"><div class=\"persons-item\"><div class=\"person-container\"><div class=\"person-portrait\"><a href=\"https:\/\/wahlengraubuenden.ch\/rm\/person\/erika-cahenzli-philipp\/\"><img decoding=\"async\" src=\"https:\/\/wahlengraubuenden.ch\/wp-content\/uploads\/sites\/22\/2026\/02\/Cahenzli-Erika-1-600x600.jpg?v=1771885921\" alt=\"Erika Cahenzli-Philipp (bisher)\" loading=\"lazy\"><\/a><\/div><div class=\"person-content\"><a href=\"https:\/\/wahlengraubuenden.ch\/rm\/person\/erika-cahenzli-philipp\/\" class=\"person-name\"><p><strong>Erika Cahenzli-Philipp (bisher)<\/strong><\/p><\/a><p class=\"person-position\">Kirchenratspr\u00e4sidentin der reformierten Landeskirche<\/p><\/div><\/div><\/div><div class=\"persons-item\"><div class=\"person-container\"><div class=\"person-portrait\"><a href=\"https:\/\/wahlengraubuenden.ch\/rm\/person\/dominik-zindel\/\"><img decoding=\"async\" src=\"https:\/\/wahlengraubuenden.ch\/wp-content\/uploads\/sites\/22\/2026\/02\/Zindel-Dominic-600x600.jpg?v=1771711871\" alt=\"Dominik Zindel (bisher)\" loading=\"lazy\"><\/a><\/div><div class=\"person-content\"><a href=\"https:\/\/wahlengraubuenden.ch\/rm\/person\/dominik-zindel\/\" class=\"person-name\"><p><strong>Dominik Zindel (bisher)<\/strong><\/p><\/a><p class=\"person-position\">Manager in Software-Firma<\/p><\/div><\/div><\/div><div class=\"persons-item\"><div class=\"person-container\"><div class=\"person-portrait\"><a href=\"https:\/\/wahlengraubuenden.ch\/rm\/person\/andreas-thoeny\/\"><img decoding=\"async\" src=\"https:\/\/wahlengraubuenden.ch\/wp-content\/uploads\/sites\/22\/2026\/02\/Thoeny-Andreas-600x600.jpg?v=1771711863\" alt=\"Andreas Th\u00f6ny (Erneut)\" loading=\"lazy\"><\/a><\/div><div class=\"person-content\"><a href=\"https:\/\/wahlengraubuenden.ch\/rm\/person\/andreas-thoeny\/\" class=\"person-name\"><p><strong>Andreas Th\u00f6ny (Erneut)<\/strong><\/p><\/a><p class=\"person-position\">Gemeindepr\u00e4sident Landquart<\/p><\/div><\/div><\/div><div class=\"persons-item\"><div class=\"person-container\"><div class=\"person-portrait\"><a href=\"https:\/\/wahlengraubuenden.ch\/rm\/person\/susanne-schmid\/\"><img decoding=\"async\" src=\"https:\/\/wahlengraubuenden.ch\/wp-content\/uploads\/sites\/22\/2026\/02\/Schmid-Susanne-600x600.jpg?v=1771711848\" alt=\"Susanne Schmid Auer\" loading=\"lazy\"><\/a><\/div><div class=\"person-content\"><a href=\"https:\/\/wahlengraubuenden.ch\/rm\/person\/susanne-schmid\/\" class=\"person-name\"><p><strong>Susanne Schmid Auer<\/strong><\/p><\/a><p class=\"person-position\">Heilp\u00e4dagogin<\/p><\/div><\/div><\/div><div class=\"persons-item\"><div class=\"person-container\"><div class=\"person-portrait\"><a href=\"https:\/\/wahlengraubuenden.ch\/rm\/person\/nico-egli\/\"><img decoding=\"async\" src=\"https:\/\/wahlengraubuenden.ch\/wp-content\/uploads\/sites\/22\/2026\/02\/Egli-Nico-600x600.jpg?v=1771711764\" alt=\"Nico Egli\" loading=\"lazy\"><\/a><\/div><div class=\"person-content\"><a href=\"https:\/\/wahlengraubuenden.ch\/rm\/person\/nico-egli\/\" class=\"person-name\"><p><strong>Nico Egli<\/strong><\/p><\/a><p class=\"person-position\">Student und Jugendarbeiter<\/p><\/div><\/div><\/div><div class=\"persons-item\"><div class=\"person-container\"><div class=\"person-portrait\"><a href=\"https:\/\/wahlengraubuenden.ch\/rm\/person\/ina-geisseler\/\"><img decoding=\"async\" src=\"https:\/\/wahlengraubuenden.ch\/wp-content\/uploads\/sites\/22\/2026\/02\/Geisser-Ina-1-600x600.jpg?v=1771886120\" alt=\"Ina Geisseler\" loading=\"lazy\"><\/a><\/div><div class=\"person-content\"><a href=\"https:\/\/wahlengraubuenden.ch\/rm\/person\/ina-geisseler\/\" class=\"person-name\"><p><strong>Ina Geisseler<\/strong><\/p><\/a><p class=\"person-position\">Umwelt-\/Landschaftsplanerin<\/p><\/div><\/div><\/div><div class=\"persons-item\"><div class=\"person-container\"><div class=\"person-portrait\"><a href=\"https:\/\/wahlengraubuenden.ch\/rm\/person\/mario-riser\/\"><img decoding=\"async\" src=\"https:\/\/wahlengraubuenden.ch\/wp-content\/uploads\/sites\/22\/2026\/02\/Ryser-Mario-600x600.jpg?v=1771711838\" alt=\"Mario Riser\" loading=\"lazy\"><\/a><\/div><div class=\"person-content\"><a href=\"https:\/\/wahlengraubuenden.ch\/rm\/person\/mario-riser\/\" class=\"person-name\"><p><strong>Mario Riser<\/strong><\/p><\/a><p class=\"person-position\">Chef Kundenbegleitung und Aufsicht Personenverkehr SBB<\/p><\/div><\/div><\/div><div class=\"persons-item\"><div class=\"person-container\"><div class=\"person-portrait\"><a href=\"https:\/\/wahlengraubuenden.ch\/rm\/person\/marc-schneebeli\/\"><img decoding=\"async\" src=\"https:\/\/wahlengraubuenden.ch\/wp-content\/uploads\/sites\/22\/2026\/02\/Schneebeli-Marc-600x600.jpg?v=1771711850\" alt=\"Marc Schneebeli\" loading=\"lazy\"><\/a><\/div><div class=\"person-content\"><a href=\"https:\/\/wahlengraubuenden.ch\/rm\/person\/marc-schneebeli\/\" class=\"person-name\"><p><strong>Marc Schneebeli<\/strong><\/p><\/a><p class=\"person-position\">Forschungsleiter Naturgefahrenerkennung bei Geopr\u00e4vent<\/p><\/div><\/div><\/div><div class=\"persons-item\"><div class=\"person-container\"><div class=\"person-portrait\"><a href=\"https:\/\/wahlengraubuenden.ch\/rm\/person\/jara-schaufelberger\/\"><img decoding=\"async\" src=\"https:\/\/wahlengraubuenden.ch\/wp-content\/uploads\/sites\/22\/2026\/02\/Schaufelberger-Jara-600x600.jpg?v=1771711842\" alt=\"Jara Schaufelbergen\" loading=\"lazy\"><\/a><\/div><div class=\"person-content\"><a href=\"https:\/\/wahlengraubuenden.ch\/rm\/person\/jara-schaufelberger\/\" class=\"person-name\"><p><strong>Jara Schaufelbergen<\/strong><\/p><\/a><p class=\"person-position\">Detailhandelsfachfrau, Berufsmatura (Ausrichtung Gesundheit)<\/p><\/div><\/div><\/div><div class=\"persons-item\"><div class=\"person-container\"><div class=\"person-portrait\"><a href=\"https:\/\/wahlengraubuenden.ch\/rm\/person\/lisa-esenwein\/\"><img decoding=\"async\" src=\"https:\/\/wahlengraubuenden.ch\/wp-content\/uploads\/sites\/22\/2026\/03\/Esswein-Lisa-600x600.jpg?v=1773862243\" alt=\"Lisa Esenwein\" loading=\"lazy\"><\/a><\/div><div class=\"person-content\"><a href=\"https:\/\/wahlengraubuenden.ch\/rm\/person\/lisa-esenwein\/\" class=\"person-name\"><p><strong>Lisa Esenwein<\/strong><\/p><\/a><p class=\"person-position\">Pflegefachfrau<\/p><\/div><\/div><\/div><div class=\"persons-item\"><div class=\"person-container\"><div class=\"person-portrait\"><a href=\"https:\/\/wahlengraubuenden.ch\/rm\/person\/michael-pilman\/\"><img decoding=\"async\" src=\"https:\/\/wahlengraubuenden.ch\/wp-content\/uploads\/sites\/22\/2026\/02\/Pilman-Michael-600x600.jpg?v=1771711828\" alt=\"Michael Pilman\" loading=\"lazy\"><\/a><\/div><div class=\"person-content\"><a href=\"https:\/\/wahlengraubuenden.ch\/rm\/person\/michael-pilman\/\" class=\"person-name\"><p><strong>Michael Pilman<\/strong><\/p><\/a><p class=\"person-position\">Dozent an der EHL f\u00fcr K\u00fcche Praxis, Theorie und Hygiene<\/p><\/div><\/div><\/div><\/div><\/div><\/div><\/div>\t\t\t\t<\/div>\n\t\t\t\t<\/div>\n\t\t\t\t\t<\/div>\n\t\t<\/div>\n\t\t\t\t\t<\/div>\n\t\t<\/section>\n\t\t\t\t<section class=\"elementor-section elementor-top-section elementor-element elementor-element-933f0e1 elementor-section-boxed elementor-section-height-default elementor-section-height-default\" data-id=\"933f0e1\" data-element_type=\"section\" data-settings=\"{&quot;jet_parallax_layout_list&quot;:[]}\">\n\t\t\t\t\t\t<div class=\"elementor-container elementor-column-gap-default\">\n\t\t\t\t\t<div class=\"elementor-column elementor-col-50 elementor-top-column elementor-element elementor-element-996d7f5\" data-id=\"996d7f5\" data-element_type=\"column\">\n\t\t\t<div class=\"elementor-widget-wrap elementor-element-populated\">\n\t\t\t\t\t\t<div class=\"elementor-element elementor-element-0a7db63 elementor-widget elementor-widget-spps_button\" data-id=\"0a7db63\" data-element_type=\"widget\" data-widget_type=\"spps_button.default\">\n\t\t\t\t<div class=\"elementor-widget-container\">\n\t\t\t\t\t<div class=\"button-wrapper button-wrapper-left\"><a href=\"https:\/\/wahlengraubuenden.ch\/rm\/kandidat\/\"  target=\"_self\" class=\"button-link button-link-default\" >Nossas candidaturas<\/a><\/div>\t\t\t\t<\/div>\n\t\t\t\t<\/div>\n\t\t\t\t\t<\/div>\n\t\t<\/div>\n\t\t\t\t<div class=\"elementor-column elementor-col-50 elementor-top-column elementor-element elementor-element-f1201d7\" data-id=\"f1201d7\" data-element_type=\"column\">\n\t\t\t<div class=\"elementor-widget-wrap elementor-element-populated\">\n\t\t\t\t\t\t<div class=\"elementor-element elementor-element-14b2e8e elementor-widget elementor-widget-spps_button\" data-id=\"14b2e8e\" data-element_type=\"widget\" data-widget_type=\"spps_button.default\">\n\t\t\t\t<div class=\"elementor-widget-container\">\n\t\t\t\t\t<div class=\"button-wrapper button-wrapper-left\"><a href=\"https:\/\/wahlengraubuenden.ch\/rm\/wahlkreise\/\"  target=\"_self\" class=\"button-link button-link-default\" >Circuls electorals<\/a><\/div>\t\t\t\t<\/div>\n\t\t\t\t<\/div>\n\t\t\t\t\t<\/div>\n\t\t<\/div>\n\t\t\t\t\t<\/div>\n\t\t<\/section>\n\t\t\t\t<\/div>\n\t\t","protected":false},"excerpt":{"rendered":"<p>Nossas candidaturas F\u00fcnf D\u00f6rfer Erika Cahenzli-Philipp (bisher) Kirchenratspr\u00e4sidentin der reformierten Landeskirche Dominik Zindel (bisher) Manager in Software-Firma Andreas Th\u00f6ny (Erneut) Gemeindepr\u00e4sident Landquart Susanne Schmid Auer Heilp\u00e4dagogin Nico Egli Student und [&hellip;]<\/p>\n","protected":false},"author":13,"featured_media":0,"parent":0,"menu_order":13,"comment_status":"closed","ping_status":"closed","template":"","meta":{"footnotes":""},"class_list":["post-95848","page","type-page","status-publish","hentry"],"_links":{"self":[{"href":"https:\/\/wahlengraubuenden.ch\/rm\/wp-json\/wp\/v2\/pages\/95848","targetHints":{"allow":["GET"]}}],"collection":[{"href":"https:\/\/wahlengraubuenden.ch\/rm\/wp-json\/wp\/v2\/pages"}],"about":[{"href":"https:\/\/wahlengraubuenden.ch\/rm\/wp-json\/wp\/v2\/types\/page"}],"author":[{"embeddable":true,"href":"https:\/\/wahlengraubuenden.ch\/rm\/wp-json\/wp\/v2\/users\/13"}],"replies":[{"embeddable":true,"href":"https:\/\/wahlengraubuenden.ch\/rm\/wp-json\/wp\/v2\/comments?post=95848"}],"version-history":[{"count":2,"href":"https:\/\/wahlengraubuenden.ch\/rm\/wp-json\/wp\/v2\/pages\/95848\/revisions"}],"predecessor-version":[{"id":95980,"href":"https:\/\/wahlengraubuenden.ch\/rm\/wp-json\/wp\/v2\/pages\/95848\/revisions\/95980"}],"wp:attachment":[{"href":"https:\/\/wahlengraubuenden.ch\/rm\/wp-json\/wp\/v2\/media?parent=95848"}],"curies":[{"name":"wp","href":"https:\/\/api.w.org\/{rel}","templated":true}]}}