{"id":95842,"date":"2026-04-04T21:58:43","date_gmt":"2026-04-04T19:58:43","guid":{"rendered":"https:\/\/wahlengraubuenden.spschweiz.ch\/disentis\/"},"modified":"2026-04-04T21:58:46","modified_gmt":"2026-04-04T19:58:46","slug":"disentis","status":"publish","type":"page","link":"https:\/\/wahlengraubuenden.ch\/rm\/disentis\/","title":{"rendered":"Disentis"},"content":{"rendered":"\t\t<div data-elementor-type=\"wp-post\" data-elementor-id=\"95842\" class=\"elementor elementor-95842 elementor-94805\" data-elementor-post-type=\"page\">\n\t\t\t\t\t\t<section class=\"elementor-section elementor-top-section elementor-element elementor-element-642b70eb37bc5 elementor-section-boxed elementor-section-height-default elementor-section-height-default\" data-id=\"642b70eb37bc5\" data-element_type=\"section\" data-settings=\"{&quot;jet_parallax_layout_list&quot;:[]}\">\n\t\t\t\t\t\t<div class=\"elementor-container elementor-column-gap-no\">\n\t\t\t\t\t<div class=\"elementor-column elementor-col-100 elementor-top-column elementor-element elementor-element-09956e8\" data-id=\"09956e8\" data-element_type=\"column\">\n\t\t\t<div class=\"elementor-widget-wrap elementor-element-populated\">\n\t\t\t\t\t\t<div class=\"elementor-element elementor-element-36e41f2 elementor-widget elementor-widget-spps_person_grid\" data-id=\"36e41f2\" data-element_type=\"widget\" data-widget_type=\"spps_person_grid.default\">\n\t\t\t\t<div class=\"elementor-widget-container\">\n\t\t\t\t\t<div class=\"button-list-wrapper \"><div class=\"button-list-title\"><h2>Nossas candidaturas Disentis<\/h2><\/div><div class=\"button-list-container\"><div class=\"persons persons-grid-4\"><div class=\"persons-items\"><div class=\"persons-item\"><div class=\"person-container\"><div class=\"person-portrait\"><a href=\"https:\/\/wahlengraubuenden.ch\/rm\/person\/martin-kreiliger\/\"><img decoding=\"async\" src=\"https:\/\/wahlengraubuenden.ch\/wp-content\/uploads\/sites\/22\/2026\/02\/Kreiliger-Martin-600x600.jpg?v=1771711798\" alt=\"Martin Kreiliger (bisher)\" loading=\"lazy\"><\/a><\/div><div class=\"person-content\"><a href=\"https:\/\/wahlengraubuenden.ch\/rm\/person\/martin-kreiliger\/\" class=\"person-name\"><p><strong>Martin Kreiliger (bisher)<\/strong><\/p><\/a><p class=\"person-position\">Gesch\u00e4ftsf\u00fchrer<\/p><\/div><\/div><\/div><div class=\"persons-item\"><div class=\"person-container\"><div class=\"person-portrait\"><a href=\"https:\/\/wahlengraubuenden.ch\/rm\/person\/rea-furrer\/\"><img decoding=\"async\" src=\"https:\/\/wahlengraubuenden.ch\/wp-content\/uploads\/sites\/22\/2026\/02\/Furrer-Rea-1-600x600.jpg?v=1771886044\" alt=\"Rea Furrer\" loading=\"lazy\"><\/a><\/div><div class=\"person-content\"><a href=\"https:\/\/wahlengraubuenden.ch\/rm\/person\/rea-furrer\/\" class=\"person-name\"><p><strong>Rea Furrer<\/strong><\/p><\/a><p class=\"person-position\">Gesch\u00e4ftsleitung Umwelt Graub\u00fcnden<\/p><\/div><\/div><\/div><div class=\"persons-item\"><div class=\"person-container\"><div class=\"person-portrait\"><a href=\"https:\/\/wahlengraubuenden.ch\/rm\/person\/ignaz-venzin\/\"><img decoding=\"async\" src=\"https:\/\/wahlengraubuenden.ch\/wp-content\/uploads\/sites\/22\/2026\/03\/Venzin-Ignazio-600x600.jpg?v=1773861865\" alt=\"Ignaz Venzin\" loading=\"lazy\"><\/a><\/div><div class=\"person-content\"><a href=\"https:\/\/wahlengraubuenden.ch\/rm\/person\/ignaz-venzin\/\" class=\"person-name\"><p><strong>Ignaz Venzin<\/strong><\/p><\/a><p class=\"person-position\">Tecnicher da geomatica<\/p><\/div><\/div><\/div><div class=\"persons-item\"><div class=\"person-container\"><div class=\"person-portrait\"><a href=\"https:\/\/wahlengraubuenden.ch\/rm\/person\/andriun-maissen\/\"><img decoding=\"async\" src=\"https:\/\/wahlengraubuenden.ch\/wp-content\/uploads\/sites\/22\/2026\/02\/Maissen-Andriu-600x600.jpg?v=1772190979\" alt=\"Andriu Maissen\" loading=\"lazy\"><\/a><\/div><div class=\"person-content\"><a href=\"https:\/\/wahlengraubuenden.ch\/rm\/person\/andriun-maissen\/\" class=\"person-name\"><p><strong>Andriu Maissen<\/strong><\/p><\/a><p class=\"person-position\">Projektleiter Maschinentechnik, Repower AG<\/p><\/div><\/div><\/div><\/div><\/div><\/div><\/div>\t\t\t\t<\/div>\n\t\t\t\t<\/div>\n\t\t\t\t\t<\/div>\n\t\t<\/div>\n\t\t\t\t\t<\/div>\n\t\t<\/section>\n\t\t\t\t<section class=\"elementor-section elementor-top-section elementor-element elementor-element-933f0e1 elementor-section-boxed elementor-section-height-default elementor-section-height-default\" data-id=\"933f0e1\" data-element_type=\"section\" data-settings=\"{&quot;jet_parallax_layout_list&quot;:[]}\">\n\t\t\t\t\t\t<div class=\"elementor-container elementor-column-gap-default\">\n\t\t\t\t\t<div class=\"elementor-column elementor-col-50 elementor-top-column elementor-element elementor-element-996d7f5\" data-id=\"996d7f5\" data-element_type=\"column\">\n\t\t\t<div class=\"elementor-widget-wrap elementor-element-populated\">\n\t\t\t\t\t\t<div class=\"elementor-element elementor-element-0a7db63 elementor-widget elementor-widget-spps_button\" data-id=\"0a7db63\" data-element_type=\"widget\" data-widget_type=\"spps_button.default\">\n\t\t\t\t<div class=\"elementor-widget-container\">\n\t\t\t\t\t<div class=\"button-wrapper button-wrapper-left\"><a href=\"https:\/\/wahlengraubuenden.ch\/rm\/kandidat\/\"  target=\"_self\" class=\"button-link button-link-default\" >Nossas candidaturas<\/a><\/div>\t\t\t\t<\/div>\n\t\t\t\t<\/div>\n\t\t\t\t\t<\/div>\n\t\t<\/div>\n\t\t\t\t<div class=\"elementor-column elementor-col-50 elementor-top-column elementor-element elementor-element-f1201d7\" data-id=\"f1201d7\" data-element_type=\"column\">\n\t\t\t<div class=\"elementor-widget-wrap elementor-element-populated\">\n\t\t\t\t\t\t<div class=\"elementor-element elementor-element-14b2e8e elementor-widget elementor-widget-spps_button\" data-id=\"14b2e8e\" data-element_type=\"widget\" data-widget_type=\"spps_button.default\">\n\t\t\t\t<div class=\"elementor-widget-container\">\n\t\t\t\t\t<div class=\"button-wrapper button-wrapper-left\"><a href=\"https:\/\/wahlengraubuenden.ch\/rm\/wahlkreise\/\"  target=\"_self\" class=\"button-link button-link-default\" >Circuls electorals<\/a><\/div>\t\t\t\t<\/div>\n\t\t\t\t<\/div>\n\t\t\t\t\t<\/div>\n\t\t<\/div>\n\t\t\t\t\t<\/div>\n\t\t<\/section>\n\t\t\t\t<\/div>\n\t\t","protected":false},"excerpt":{"rendered":"<p>Nossas candidaturas Disentis Martin Kreiliger Gesch\u00e4ftsf\u00fchrer Rea Furrer Gesch\u00e4ftsleitung Umwelt Graub\u00fcnden Ignaz Venzin Tecnicher da geomatica Andriu Maissen Projektleiter Maschinentechnik, Repower AG Nossas candidaturas Circuls electorals<\/p>\n","protected":false},"author":13,"featured_media":0,"parent":0,"menu_order":11,"comment_status":"closed","ping_status":"closed","template":"","meta":{"footnotes":""},"class_list":["post-95842","page","type-page","status-publish","hentry"],"_links":{"self":[{"href":"https:\/\/wahlengraubuenden.ch\/rm\/wp-json\/wp\/v2\/pages\/95842","targetHints":{"allow":["GET"]}}],"collection":[{"href":"https:\/\/wahlengraubuenden.ch\/rm\/wp-json\/wp\/v2\/pages"}],"about":[{"href":"https:\/\/wahlengraubuenden.ch\/rm\/wp-json\/wp\/v2\/types\/page"}],"author":[{"embeddable":true,"href":"https:\/\/wahlengraubuenden.ch\/rm\/wp-json\/wp\/v2\/users\/13"}],"replies":[{"embeddable":true,"href":"https:\/\/wahlengraubuenden.ch\/rm\/wp-json\/wp\/v2\/comments?post=95842"}],"version-history":[{"count":1,"href":"https:\/\/wahlengraubuenden.ch\/rm\/wp-json\/wp\/v2\/pages\/95842\/revisions"}],"predecessor-version":[{"id":95843,"href":"https:\/\/wahlengraubuenden.ch\/rm\/wp-json\/wp\/v2\/pages\/95842\/revisions\/95843"}],"wp:attachment":[{"href":"https:\/\/wahlengraubuenden.ch\/rm\/wp-json\/wp\/v2\/media?parent=95842"}],"curies":[{"name":"wp","href":"https:\/\/api.w.org\/{rel}","templated":true}]}}