{"id":95594,"date":"2026-04-04T09:15:52","date_gmt":"2026-04-04T07:15:52","guid":{"rendered":"https:\/\/wahlengraubuenden.spschweiz.ch\/wahlplattform\/"},"modified":"2026-04-04T09:22:21","modified_gmt":"2026-04-04T07:22:21","slug":"wahlplattform","status":"publish","type":"page","link":"https:\/\/wahlengraubuenden.ch\/it\/wahlplattform\/","title":{"rendered":"Wahlplattform"},"content":{"rendered":"\t\t<div data-elementor-type=\"wp-post\" data-elementor-id=\"95594\" class=\"elementor elementor-95594 elementor-95251\" data-elementor-post-type=\"page\">\n\t\t\t\t\t\t<section class=\"elementor-section elementor-top-section elementor-element elementor-element-aa0fac1 elementor-section-boxed elementor-section-height-default elementor-section-height-default\" data-id=\"aa0fac1\" data-element_type=\"section\" data-settings=\"{&quot;jet_parallax_layout_list&quot;:[]}\">\n\t\t\t\t\t\t<div class=\"elementor-container elementor-column-gap-default\">\n\t\t\t\t\t<div class=\"elementor-column elementor-col-100 elementor-top-column elementor-element elementor-element-70b6ebd\" data-id=\"70b6ebd\" data-element_type=\"column\">\n\t\t\t<div class=\"elementor-widget-wrap elementor-element-populated\">\n\t\t\t\t\t\t<div class=\"elementor-element elementor-element-e56db3a elementor-widget elementor-widget-spacer\" data-id=\"e56db3a\" data-element_type=\"widget\" data-widget_type=\"spacer.default\">\n\t\t\t\t<div class=\"elementor-widget-container\">\n\t\t\t\t\t\t\t<div class=\"elementor-spacer\">\n\t\t\t<div class=\"elementor-spacer-inner\"><\/div>\n\t\t<\/div>\n\t\t\t\t\t\t<\/div>\n\t\t\t\t<\/div>\n\t\t\t\t<div class=\"elementor-element elementor-element-6368115 elementor-widget elementor-widget-heading\" data-id=\"6368115\" data-element_type=\"widget\" data-widget_type=\"heading.default\">\n\t\t\t\t<div class=\"elementor-widget-container\">\n\t\t\t\t\t<h2 class=\"elementor-heading-title elementor-size-default\">PER UN GRIGIONI SOLIDALE<\/h2>\t\t\t\t<\/div>\n\t\t\t\t<\/div>\n\t\t\t\t<div class=\"elementor-element elementor-element-b57369b elementor-widget elementor-widget-text-editor\" data-id=\"b57369b\" data-element_type=\"widget\" data-widget_type=\"text-editor.default\">\n\t\t\t\t<div class=\"elementor-widget-container\">\n\t\t\t\t\t\t\t\t\t<p style=\"font-weight: 400;\">Viviamo in un\u2019epoca di grandi incertezze. La crisi climatica minaccia le basi della nostra esistenza. Regimi autoritari e movimenti di estrema destra attaccano i valori democratici. La disuguaglianza sociale cresce. Il cambiamento demografico e lo spopolamento pongono sfide particolarmente grandi al Cantone dei Grigioni. A tutto questo servono risposte chiare e solidali: pi\u00f9 democrazia, pi\u00f9 giustizia e una coesione sociale pi\u00f9 forte. Proprio in tempi come questi c\u2019\u00e8 bisogno di pi\u00f9 socialdemocrazia.<br \/>\nNegli ultimi anni il PS Grigioni ha dimostrato che possiamo cambiare il nostro cantone. Grazie al nostro impegno oggi esistono servizi di custodia dei bambini in tutte le valli, una riduzione dei premi di cassa malati esemplare nel confronto nazionale e un budget per la cultura pi\u00f9 elevato. Con il Green Deal da noi promosso sono stati resi possibili investimenti significativi nell\u2019efficienza energetica dei fabbricati e nelle energie rinnovabili. Con il nuovo sistema elettorale proporzionale e lo streaming dal Gran Consiglio abbiamo rafforzato la democrazia e la trasparenza. Ci siamo impegnati con successo per pi\u00f9 borse di studio, una maggiore protezione contro la violenza domestica e salari pi\u00f9 alti per gli insegnanti. Questi risultati dimostrano una cosa: quando ci impegniamo, rendiamo i Grigioni un posto migliore.<br \/>\nSu questi successi vogliamo costruire. In vista delle elezioni cantonali del 2026 affrontiamo le sfide del futuro con valori chiari e soluzioni concrete. Lottiamo per un Grigioni solidale.<\/p>\n\t\t\t\t\t\t\t\t<\/div>\n\t\t\t\t<\/div>\n\t\t\t\t<div class=\"elementor-element elementor-element-a3022f1 elementor-widget elementor-widget-accordion\" data-id=\"a3022f1\" data-element_type=\"widget\" data-widget_type=\"accordion.default\">\n\t\t\t\t<div class=\"elementor-widget-container\">\n\t\t\t\t\t\t\t<div class=\"elementor-accordion\">\n\t\t\t\t\t\t\t<div class=\"elementor-accordion-item\">\n\t\t\t\t\t<div id=\"elementor-tab-title-1701\" class=\"elementor-tab-title\" data-tab=\"1\" role=\"button\" aria-controls=\"elementor-tab-content-1701\" aria-expanded=\"false\">\n\t\t\t\t\t\t\t\t\t\t\t\t\t<span class=\"elementor-accordion-icon elementor-accordion-icon-left\" aria-hidden=\"true\">\n\t\t\t\t\t\t\t\t\t\t\t\t\t\t\t<span class=\"elementor-accordion-icon-closed\"><i class=\"fas fa-plus\"><\/i><\/span>\n\t\t\t\t\t\t\t\t<span class=\"elementor-accordion-icon-opened\"><i class=\"fas fa-minus\"><\/i><\/span>\n\t\t\t\t\t\t\t\t\t\t\t\t\t\t<\/span>\n\t\t\t\t\t\t\t\t\t\t\t\t<a class=\"elementor-accordion-title\" tabindex=\"0\">Pi\u00f9 alloggi a prezzi accessibili<\/a>\n\t\t\t\t\t<\/div>\n\t\t\t\t\t<div id=\"elementor-tab-content-1701\" class=\"elementor-tab-content elementor-clearfix\" data-tab=\"1\" role=\"region\" aria-labelledby=\"elementor-tab-title-1701\"><p>I costi degli alloggi aumentano rapidamente e molte famiglie, giovani e anziani finiscono sotto pressione. Si profila il rischio dell\u2019emigrazione di intere generazioni. Noi invece vogliamo che tutte e tutti i grigionesi possano continuare a sentirsi a casa nei propri comuni, con affitti equi.<br \/><b>Chiediamo quindi un fondo cantonale per l\u2019edilizia abitativa con un capitale iniziale di almeno 100 milioni di franchi,<\/b> per sostenere gli enti di utilit\u00e0 pubblica nel settore dell\u2019edilizia. Le abitazioni primarie devono essere protette dalla speculazione e dalla pressione delle seconde case. Cantone e comuni devono acquistare attivamente terreni per garantire alloggi a prezzi accessibili.<\/p><\/div>\n\t\t\t\t<\/div>\n\t\t\t\t\t\t\t<div class=\"elementor-accordion-item\">\n\t\t\t\t\t<div id=\"elementor-tab-title-1702\" class=\"elementor-tab-title\" data-tab=\"2\" role=\"button\" aria-controls=\"elementor-tab-content-1702\" aria-expanded=\"false\">\n\t\t\t\t\t\t\t\t\t\t\t\t\t<span class=\"elementor-accordion-icon elementor-accordion-icon-left\" aria-hidden=\"true\">\n\t\t\t\t\t\t\t\t\t\t\t\t\t\t\t<span class=\"elementor-accordion-icon-closed\"><i class=\"fas fa-plus\"><\/i><\/span>\n\t\t\t\t\t\t\t\t<span class=\"elementor-accordion-icon-opened\"><i class=\"fas fa-minus\"><\/i><\/span>\n\t\t\t\t\t\t\t\t\t\t\t\t\t\t<\/span>\n\t\t\t\t\t\t\t\t\t\t\t\t<a class=\"elementor-accordion-title\" tabindex=\"0\">Pi\u00f9 salute per tutti<\/a>\n\t\t\t\t\t<\/div>\n\t\t\t\t\t<div id=\"elementor-tab-content-1702\" class=\"elementor-tab-content elementor-clearfix\" data-tab=\"2\" role=\"region\" aria-labelledby=\"elementor-tab-title-1702\"><p>Un servizio sanitario affidabile \u00e8 decisivo per la qualit\u00e0 della vita, indipendentemente dal luogo di residenza o dal reddito. <b>Chiediamo quindi uno sviluppo mirato delle regioni sanitarie decentralizzate e un finanziamento sicuro da parte di comuni e Cantone. Inoltre, il Cantone deve ottenere maggiori strumenti di gestione per poter garantire un\u2019assistenza sanitaria capillare.<\/b><\/p><p><b><br \/><\/b>Servizi sanitari e sociali interconnessi assicurano un sostegno continuo, efficiente e adeguato ai bisogni, evitando che le persone vengano lasciate sole in un sistema sanitario complesso. Alla salute mentale va dedicata maggiore attenzione: per questo ci impegniamo per l\u2019ampliamento dei posti di terapia, delle offerte di prevenzione e dei punti di contatto a bassa soglia. Ci\u00f2 riduce i tempi di attesa e migliora l\u2019accesso alle cure.<\/p><p><br \/>I familiari che prestano assistenza svolgono un lavoro indispensabile. Meritano riconoscimento, un aiuto finanziario e un sostegno mirato. Allo stesso tempo, il Cantone deve promuovere innovazione e prevenzione, ad esempio attraverso la telemedicina, il case management e programmi sanitari adeguati all\u2019et\u00e0.<\/p><p><br \/>Un\u2019assistenza sanitaria sicura ha bisogno di professioniste e professionisti motivati. Per questo chiediamo una formazione e un perfezionamento solidi, condizioni di lavoro eque e contratti collettivi nel settore sanitario.<\/p><\/div>\n\t\t\t\t<\/div>\n\t\t\t\t\t\t\t<div class=\"elementor-accordion-item\">\n\t\t\t\t\t<div id=\"elementor-tab-title-1703\" class=\"elementor-tab-title\" data-tab=\"3\" role=\"button\" aria-controls=\"elementor-tab-content-1703\" aria-expanded=\"false\">\n\t\t\t\t\t\t\t\t\t\t\t\t\t<span class=\"elementor-accordion-icon elementor-accordion-icon-left\" aria-hidden=\"true\">\n\t\t\t\t\t\t\t\t\t\t\t\t\t\t\t<span class=\"elementor-accordion-icon-closed\"><i class=\"fas fa-plus\"><\/i><\/span>\n\t\t\t\t\t\t\t\t<span class=\"elementor-accordion-icon-opened\"><i class=\"fas fa-minus\"><\/i><\/span>\n\t\t\t\t\t\t\t\t\t\t\t\t\t\t<\/span>\n\t\t\t\t\t\t\t\t\t\t\t\t<a class=\"elementor-accordion-title\" tabindex=\"0\">Pi\u00f9 protezione del clima<\/a>\n\t\t\t\t\t<\/div>\n\t\t\t\t\t<div id=\"elementor-tab-content-1703\" class=\"elementor-tab-content elementor-clearfix\" data-tab=\"3\" role=\"region\" aria-labelledby=\"elementor-tab-title-1703\"><p>I Grigioni sono particolarmente toccati dalla crisi climatica: i ghiacciai si sciolgono, il permafrost si scongela e gli eventi meteorologici estremi diventano pi\u00f9 violenti. In quanto cantone alpino abbiamo una responsabilit\u00e0 particolare. La protezione del clima non \u00e8 solo un\u2019azione in favore dell\u2019ambiente, ma anche un\u2019opportunit\u00e0 economica e una garanzia di sicurezza sociale.<\/p><p><br \/>\u00c8 necessaria un\u2019attuazione coerente del Green Deal per i Grigioni. Inoltre, in quanto cantone fortemente colpito, i Grigioni devono impegnarsi insieme ad altri cantoni presso la Confederazione per un rafforzamento della politica climatica. Non possiamo adagiarci sui successi ottenuti: dobbiamo continuare a lavorare attivamente per un Cantone dei Grigioni climaticamente neutrale entro il 2040. <b>Ci\u00f2 include un massiccio aumento dell\u2019energia solare e delle reti di teleriscaldamento, l\u2019abbandono dei sistemi di riscaldamento fossili e un\u2019edilizia rispettosa del clima.<\/b> Il trasporto pubblico deve essere accessibile a tutte e tutti e, a lungo termine, gratuito, con orari fitti e offerte on-demand in tutte le regioni.<\/p><p><br \/>I Grigioni hanno bisogno di un turismo sostenibile, che funzioni tutto l\u2019anno, tuteli il paesaggio e garantisca posti di lavoro. Sosteniamo l\u2019agricoltura nel suo percorso verso la neutralit\u00e0 climatica. Allo stesso tempo proteggiamo la biodiversit\u00e0, le foreste e i corsi d\u2019acqua. \u00c8 fondamentale che la transizione energetica sia finanziata in modo socialmente equo, la protezione del clima non deve perci\u00f2 gravare eccessivamente su nessuno.<\/p><\/div>\n\t\t\t\t<\/div>\n\t\t\t\t\t\t\t<div class=\"elementor-accordion-item\">\n\t\t\t\t\t<div id=\"elementor-tab-title-1704\" class=\"elementor-tab-title\" data-tab=\"4\" role=\"button\" aria-controls=\"elementor-tab-content-1704\" aria-expanded=\"false\">\n\t\t\t\t\t\t\t\t\t\t\t\t\t<span class=\"elementor-accordion-icon elementor-accordion-icon-left\" aria-hidden=\"true\">\n\t\t\t\t\t\t\t\t\t\t\t\t\t\t\t<span class=\"elementor-accordion-icon-closed\"><i class=\"fas fa-plus\"><\/i><\/span>\n\t\t\t\t\t\t\t\t<span class=\"elementor-accordion-icon-opened\"><i class=\"fas fa-minus\"><\/i><\/span>\n\t\t\t\t\t\t\t\t\t\t\t\t\t\t<\/span>\n\t\t\t\t\t\t\t\t\t\t\t\t<a class=\"elementor-accordion-title\" tabindex=\"0\">Pi\u00f9 uguaglianza<\/a>\n\t\t\t\t\t<\/div>\n\t\t\t\t\t<div id=\"elementor-tab-content-1704\" class=\"elementor-tab-content elementor-clearfix\" data-tab=\"4\" role=\"region\" aria-labelledby=\"elementor-tab-title-1704\"><p>Un Grigioni solidale non lascia indietro nessuno. Lottiamo contro la povert\u00e0, la discriminazione e i salari ingiusti. Il lavoro nel settore delle cure deve essere riconosciuto e a parit\u00e0 di lavoro deve corrispondere una parit\u00e0 di salario: per questo ci impegniamo per la trasparenza salariale e condizioni di lavoro favorevoli alle famiglie. <b>Gli assegni familiari e le prestazioni complementari devono essere aumentati, e l\u2019offerta di asili nido va ampliata e resa pi\u00f9 accessibile, affinch\u00e9 avere una famiglia sia un\u2019opportunit\u00e0 e non un rischio.<\/b><\/p><p><br \/>L\u2019istruzione \u00e8 la chiave per le pari opportunit\u00e0. Lottiamo per una scuola pubblica forte che offra a tutte e tutti le stesse possibilit\u00e0 all\u2019inizio del percorso formativo. In particolare, la promozione precoce deve essere rafforzata e ampliata. Vogliamo un sistema di borse di studio equo, senza rigide condizioni di accesso legate all\u2019et\u00e0 e alla durata della residenza nel Cantone, nonch\u00e9 condizioni quadro giuste per apprendisti e studenti.<\/p><p><br \/>Difendiamo e ampliamo i risultati ottenuti in materia di uguaglianza, inclusione e femminismo. Esiste un urgente bisogno di intervento nella protezione contro la violenza, l\u2019odio e la discriminazione. Il Cantone deve proteggere tutte le persone dalla violenza e dalla discriminazione, in particolare le persone queer. Ci\u00f2 include l\u2019ampliamento di offerte di consulenza e protezione a bassa soglia, la rilevazione e il contrasto dei crimini d\u2019odio e misure mirate contro la violenza domestica e la tratta di esseri umani.<\/p><p><br \/>Per noi integrazione significa riconoscere che la migrazione \u00e8 un\u2019opportunit\u00e0 per un cantone che invecchia. Togliamo quindi gli ostacoli e facilitiamo l\u2019istruzione, il lavoro e la partecipazione sociale per tutte e tutti.<\/p><p><br \/>Combattere la povert\u00e0 significa anche agire in modo preventivo, soprattutto a favore di bambini, famiglie monoparentali e persone anziane. Nessuno deve trovarsi in difficolt\u00e0 nei Grigioni per l\u2019assenza di reti sociali.<\/p><\/div>\n\t\t\t\t<\/div>\n\t\t\t\t\t\t\t<div class=\"elementor-accordion-item\">\n\t\t\t\t\t<div id=\"elementor-tab-title-1705\" class=\"elementor-tab-title\" data-tab=\"5\" role=\"button\" aria-controls=\"elementor-tab-content-1705\" aria-expanded=\"false\">\n\t\t\t\t\t\t\t\t\t\t\t\t\t<span class=\"elementor-accordion-icon elementor-accordion-icon-left\" aria-hidden=\"true\">\n\t\t\t\t\t\t\t\t\t\t\t\t\t\t\t<span class=\"elementor-accordion-icon-closed\"><i class=\"fas fa-plus\"><\/i><\/span>\n\t\t\t\t\t\t\t\t<span class=\"elementor-accordion-icon-opened\"><i class=\"fas fa-minus\"><\/i><\/span>\n\t\t\t\t\t\t\t\t\t\t\t\t\t\t<\/span>\n\t\t\t\t\t\t\t\t\t\t\t\t<a class=\"elementor-accordion-title\" tabindex=\"0\">Pi\u00f9 democrazia e apertura<\/a>\n\t\t\t\t\t<\/div>\n\t\t\t\t\t<div id=\"elementor-tab-content-1705\" class=\"elementor-tab-content elementor-clearfix\" data-tab=\"5\" role=\"region\" aria-labelledby=\"elementor-tab-title-1705\"><p>I Grigioni sono unici: trilingui, culturalmente variegati e ricchi di tradizione democratica. <b>Ma la democrazia e la ricchezza culturale vanno curate.<\/b> Ci impegniamo per il diritto di voto ai domiciliati, per il diritto di voto a 16 anni e per una maggiore trasparenza nel finanziamento dei partiti. La democrazia vive della fiducia delle cittadine e dei cittadini: per questo servono apertura e partecipazione.<\/p><p><br \/>Il nostro multilinguismo \u00e8 una ricchezza. Le lingue minoritarie devono essere rafforzate, l\u2019insegnamento bilingue promosso e la cultura resa accessibile in tutte le regioni linguistiche. Le operatrici e gli operatori culturali hanno bisogno di sicurezza finanziaria e di libert\u00e0 per sviluppare ulteriormente il nostro patrimonio culturale.<\/p><p><br \/>Un panorama mediatico diversificato e un giornalismo indipendente sono le basi di una democrazia viva. La digitalizzazione deve facilitare l\u2019accesso ai servizi statali senza escludere nessuno n\u00e9 mettere a rischio la protezione dei dati.<\/p><p><br \/>Quale cantone di confine avere dei rapporti stabili con l\u2019Europa resta di enorme importanza per i Grigioni, perci\u00f2 puntiamo sulla cooperazione invece che sull\u2019isolamento. Particolarmente minacciosa per i Grigioni sarebbe l\u2019eventuale accettazione dell\u2019iniziativa per la limitazione dell\u2019UDC, che intende limitare l\u2019immigrazione e disdire l\u2019accordo di libera circolazione con l\u2019UE. Alla luce dello sviluppo demografico del nostro cantone, questa proposta estrema metterebbe seriamente a rischio in molte valli sia la garanzia dei servizi di base sia l\u2019attivit\u00e0 economica, semplicemente perch\u00e9 non si troverebbero pi\u00f9 le necessarie forze lavoro.<\/p><\/div>\n\t\t\t\t<\/div>\n\t\t\t\t\t\t\t\t<\/div>\n\t\t\t\t\t\t<\/div>\n\t\t\t\t<\/div>\n\t\t\t\t\t<\/div>\n\t\t<\/div>\n\t\t\t\t\t<\/div>\n\t\t<\/section>\n\t\t\t\t<section class=\"elementor-section elementor-top-section elementor-element elementor-element-d99706c elementor-section-boxed elementor-section-height-default elementor-section-height-default\" data-id=\"d99706c\" data-element_type=\"section\" data-settings=\"{&quot;jet_parallax_layout_list&quot;:[]}\">\n\t\t\t\t\t\t<div class=\"elementor-container elementor-column-gap-default\">\n\t\t\t\t\t<div class=\"elementor-column elementor-col-50 elementor-top-column elementor-element elementor-element-919c155\" data-id=\"919c155\" data-element_type=\"column\">\n\t\t\t<div class=\"elementor-widget-wrap elementor-element-populated\">\n\t\t\t\t\t\t<div class=\"elementor-element elementor-element-118593e elementor-widget elementor-widget-spps_button\" data-id=\"118593e\" data-element_type=\"widget\" data-widget_type=\"spps_button.default\">\n\t\t\t\t<div class=\"elementor-widget-container\">\n\t\t\t\t\t<div class=\"button-wrapper button-wrapper-left\"><a href=\"https:\/\/wahlengraubuenden.ch\/it\/le-nostre-candidature\/\"  target=\"_self\" class=\"button-link button-link-default\" >Tutte le candidature<\/a><\/div>\t\t\t\t<\/div>\n\t\t\t\t<\/div>\n\t\t\t\t\t<\/div>\n\t\t<\/div>\n\t\t\t\t<div class=\"elementor-column elementor-col-50 elementor-top-column elementor-element elementor-element-546d180\" data-id=\"546d180\" data-element_type=\"column\">\n\t\t\t<div class=\"elementor-widget-wrap elementor-element-populated\">\n\t\t\t\t\t\t<div class=\"elementor-element elementor-element-e8e5c4a elementor-widget elementor-widget-spps_button\" data-id=\"e8e5c4a\" data-element_type=\"widget\" data-widget_type=\"spps_button.default\">\n\t\t\t\t<div class=\"elementor-widget-container\">\n\t\t\t\t\t<div class=\"button-wrapper button-wrapper-left\"><a href=\"https:\/\/wahlengraubuenden.ch\/it\/wahlkreise\/\"  target=\"_self\" class=\"button-link button-link-default\" >Circondari elettorali<\/a><\/div>\t\t\t\t<\/div>\n\t\t\t\t<\/div>\n\t\t\t\t\t<\/div>\n\t\t<\/div>\n\t\t\t\t\t<\/div>\n\t\t<\/section>\n\t\t\t\t<\/div>\n\t\t","protected":false},"excerpt":{"rendered":"<p>PER UN GRIGIONI SOLIDALE Viviamo in un\u2019epoca di grandi incertezze. La crisi climatica minaccia le basi della nostra esistenza. Regimi autoritari e movimenti di estrema destra attaccano i valori democratici. [&hellip;]<\/p>\n","protected":false},"author":13,"featured_media":0,"parent":0,"menu_order":1,"comment_status":"closed","ping_status":"closed","template":"","meta":{"footnotes":""},"class_list":["post-95594","page","type-page","status-publish","hentry"],"_links":{"self":[{"href":"https:\/\/wahlengraubuenden.ch\/it\/wp-json\/wp\/v2\/pages\/95594","targetHints":{"allow":["GET"]}}],"collection":[{"href":"https:\/\/wahlengraubuenden.ch\/it\/wp-json\/wp\/v2\/pages"}],"about":[{"href":"https:\/\/wahlengraubuenden.ch\/it\/wp-json\/wp\/v2\/types\/page"}],"author":[{"embeddable":true,"href":"https:\/\/wahlengraubuenden.ch\/it\/wp-json\/wp\/v2\/users\/13"}],"replies":[{"embeddable":true,"href":"https:\/\/wahlengraubuenden.ch\/it\/wp-json\/wp\/v2\/comments?post=95594"}],"version-history":[{"count":7,"href":"https:\/\/wahlengraubuenden.ch\/it\/wp-json\/wp\/v2\/pages\/95594\/revisions"}],"predecessor-version":[{"id":95601,"href":"https:\/\/wahlengraubuenden.ch\/it\/wp-json\/wp\/v2\/pages\/95594\/revisions\/95601"}],"wp:attachment":[{"href":"https:\/\/wahlengraubuenden.ch\/it\/wp-json\/wp\/v2\/media?parent=95594"}],"curies":[{"name":"wp","href":"https:\/\/api.w.org\/{rel}","templated":true}]}}