{"id":95465,"date":"2026-04-03T22:40:55","date_gmt":"2026-04-03T20:40:55","guid":{"rendered":"https:\/\/wahlengraubuenden.spschweiz.ch\/trins\/"},"modified":"2026-04-04T08:34:44","modified_gmt":"2026-04-04T06:34:44","slug":"trins","status":"publish","type":"page","link":"https:\/\/wahlengraubuenden.ch\/it\/trins\/","title":{"rendered":"Trins"},"content":{"rendered":"\t\t<div data-elementor-type=\"wp-post\" data-elementor-id=\"95465\" class=\"elementor elementor-95465 elementor-94920\" data-elementor-post-type=\"page\">\n\t\t\t\t\t\t<section class=\"elementor-section elementor-top-section elementor-element elementor-element-642b70eb37bc5 elementor-section-boxed elementor-section-height-default elementor-section-height-default\" data-id=\"642b70eb37bc5\" data-element_type=\"section\" data-settings=\"{&quot;jet_parallax_layout_list&quot;:[]}\">\n\t\t\t\t\t\t<div class=\"elementor-container elementor-column-gap-no\">\n\t\t\t\t\t<div class=\"elementor-column elementor-col-100 elementor-top-column elementor-element elementor-element-09956e8\" data-id=\"09956e8\" data-element_type=\"column\">\n\t\t\t<div class=\"elementor-widget-wrap elementor-element-populated\">\n\t\t\t\t\t\t<div class=\"elementor-element elementor-element-36e41f2 elementor-widget elementor-widget-spps_person_grid\" data-id=\"36e41f2\" data-element_type=\"widget\" data-widget_type=\"spps_person_grid.default\">\n\t\t\t\t<div class=\"elementor-widget-container\">\n\t\t\t\t\t<div class=\"button-list-wrapper \"><div class=\"button-list-title\"><h2>Le nostre candidature Trins<\/h2><\/div><div class=\"button-list-container\"><div class=\"persons persons-grid-4\"><div class=\"persons-items\"><div class=\"persons-item\"><div class=\"person-container\"><div class=\"person-portrait\"><a href=\"https:\/\/wahlengraubuenden.ch\/it\/person\/julia-mueller\/\"><img decoding=\"async\" src=\"https:\/\/wahlengraubuenden.ch\/wp-content\/uploads\/sites\/22\/2026\/02\/Mueller-Julia-1-600x600.jpg?v=1771886348\" alt=\"Julia M\u00fcller (bisher)\" loading=\"lazy\"><\/a><\/div><div class=\"person-content\"><a href=\"https:\/\/wahlengraubuenden.ch\/it\/person\/julia-mueller\/\" class=\"person-name\"><p><strong>Julia M\u00fcller (bisher)<\/strong><\/p><\/a><p class=\"person-position\">Juristin, Pr\u00e4sidentin SP Graub\u00fcnden, Grossr\u00e4tin<\/p><\/div><\/div><\/div><div class=\"persons-item\"><div class=\"person-container\"><div class=\"person-portrait\"><a href=\"https:\/\/wahlengraubuenden.ch\/it\/person\/simona-sgier\/\"><img decoding=\"async\" src=\"https:\/\/wahlengraubuenden.ch\/wp-content\/uploads\/sites\/22\/2026\/02\/Sgier-Simona-1-600x600.jpg?v=1773905579\" alt=\"Simona Sgier\" loading=\"lazy\"><\/a><\/div><div class=\"person-content\"><a href=\"https:\/\/wahlengraubuenden.ch\/it\/person\/simona-sgier\/\" class=\"person-name\"><p><strong>Simona Sgier<\/strong><\/p><\/a><p class=\"person-position\">Stv. Leiterin Stadtentwicklung Chur<\/p><\/div><\/div><\/div><div class=\"persons-item\"><div class=\"person-container\"><div class=\"person-portrait\"><a href=\"https:\/\/wahlengraubuenden.ch\/it\/person\/ruben-caflisch\/\"><img decoding=\"async\" src=\"https:\/\/wahlengraubuenden.ch\/wp-content\/uploads\/sites\/22\/2026\/02\/Caflisch-Ruben-600x600.jpg?v=1771711740\" alt=\"Ruben Caflisch\" loading=\"lazy\"><\/a><\/div><div class=\"person-content\"><a href=\"https:\/\/wahlengraubuenden.ch\/it\/person\/ruben-caflisch\/\" class=\"person-name\"><p><strong>Ruben Caflisch<\/strong><\/p><\/a><p class=\"person-position\">Pflegehelfer, Student<\/p><\/div><\/div><\/div><div class=\"persons-item\"><div class=\"person-container\"><div class=\"person-portrait\"><a href=\"https:\/\/wahlengraubuenden.ch\/it\/person\/silvia-modalek\/\"><img decoding=\"async\" src=\"https:\/\/wahlengraubuenden.ch\/wp-content\/uploads\/sites\/22\/2026\/02\/Modalek-Silvia-600x600.jpg?v=1771711812\" alt=\"Silvia Modalek\" loading=\"lazy\"><\/a><\/div><div class=\"person-content\"><a href=\"https:\/\/wahlengraubuenden.ch\/it\/person\/silvia-modalek\/\" class=\"person-name\"><p><strong>Silvia Modalek<\/strong><\/p><\/a><p class=\"person-position\">Fachvorsteherin Sozialversicherungslehrg\u00e4nge IBW Chur<\/p><\/div><\/div><\/div><\/div><\/div><\/div><\/div>\t\t\t\t<\/div>\n\t\t\t\t<\/div>\n\t\t\t\t\t<\/div>\n\t\t<\/div>\n\t\t\t\t\t<\/div>\n\t\t<\/section>\n\t\t\t\t<section class=\"elementor-section elementor-top-section elementor-element elementor-element-933f0e1 elementor-section-boxed elementor-section-height-default elementor-section-height-default\" data-id=\"933f0e1\" data-element_type=\"section\" data-settings=\"{&quot;jet_parallax_layout_list&quot;:[]}\">\n\t\t\t\t\t\t<div class=\"elementor-container elementor-column-gap-default\">\n\t\t\t\t\t<div class=\"elementor-column elementor-col-50 elementor-top-column elementor-element elementor-element-996d7f5\" data-id=\"996d7f5\" data-element_type=\"column\">\n\t\t\t<div class=\"elementor-widget-wrap elementor-element-populated\">\n\t\t\t\t\t\t<div class=\"elementor-element elementor-element-0a7db63 elementor-widget elementor-widget-spps_button\" data-id=\"0a7db63\" data-element_type=\"widget\" data-widget_type=\"spps_button.default\">\n\t\t\t\t<div class=\"elementor-widget-container\">\n\t\t\t\t\t<div class=\"button-wrapper button-wrapper-left\"><a href=\"https:\/\/wahlengraubuenden.ch\/it\/le-nostre-candidature\/\"  target=\"_self\" class=\"button-link button-link-default\" >Tutte le candidature<\/a><\/div>\t\t\t\t<\/div>\n\t\t\t\t<\/div>\n\t\t\t\t\t<\/div>\n\t\t<\/div>\n\t\t\t\t<div class=\"elementor-column elementor-col-50 elementor-top-column elementor-element elementor-element-f1201d7\" data-id=\"f1201d7\" data-element_type=\"column\">\n\t\t\t<div class=\"elementor-widget-wrap elementor-element-populated\">\n\t\t\t\t\t\t<div class=\"elementor-element elementor-element-14b2e8e elementor-widget elementor-widget-spps_button\" data-id=\"14b2e8e\" data-element_type=\"widget\" data-widget_type=\"spps_button.default\">\n\t\t\t\t<div class=\"elementor-widget-container\">\n\t\t\t\t\t<div class=\"button-wrapper button-wrapper-left\"><a href=\"https:\/\/wahlengraubuenden.ch\/it\/wahlkreise\/\"  target=\"_self\" class=\"button-link button-link-default\" >Circondari elettorali<\/a><\/div>\t\t\t\t<\/div>\n\t\t\t\t<\/div>\n\t\t\t\t\t<\/div>\n\t\t<\/div>\n\t\t\t\t\t<\/div>\n\t\t<\/section>\n\t\t\t\t<\/div>\n\t\t","protected":false},"excerpt":{"rendered":"<p>Le nostre candidature Trins Julia M\u00fcller (bisher) Juristin, Pr\u00e4sidentin SP Graub\u00fcnden, Grossr\u00e4tin Simona Sgier Stv. Leiterin Stadtentwicklung Chur Ruben Caflisch Pflegehelfer, Student Silvia Modalek Fachvorsteherin Sozialversicherungslehrg\u00e4nge IBW Chur Tutte le [&hellip;]<\/p>\n","protected":false},"author":13,"featured_media":0,"parent":0,"menu_order":34,"comment_status":"closed","ping_status":"closed","template":"","meta":{"footnotes":""},"class_list":["post-95465","page","type-page","status-publish","hentry"],"_links":{"self":[{"href":"https:\/\/wahlengraubuenden.ch\/it\/wp-json\/wp\/v2\/pages\/95465","targetHints":{"allow":["GET"]}}],"collection":[{"href":"https:\/\/wahlengraubuenden.ch\/it\/wp-json\/wp\/v2\/pages"}],"about":[{"href":"https:\/\/wahlengraubuenden.ch\/it\/wp-json\/wp\/v2\/types\/page"}],"author":[{"embeddable":true,"href":"https:\/\/wahlengraubuenden.ch\/it\/wp-json\/wp\/v2\/users\/13"}],"replies":[{"embeddable":true,"href":"https:\/\/wahlengraubuenden.ch\/it\/wp-json\/wp\/v2\/comments?post=95465"}],"version-history":[{"count":2,"href":"https:\/\/wahlengraubuenden.ch\/it\/wp-json\/wp\/v2\/pages\/95465\/revisions"}],"predecessor-version":[{"id":95514,"href":"https:\/\/wahlengraubuenden.ch\/it\/wp-json\/wp\/v2\/pages\/95465\/revisions\/95514"}],"wp:attachment":[{"href":"https:\/\/wahlengraubuenden.ch\/it\/wp-json\/wp\/v2\/media?parent=95465"}],"curies":[{"name":"wp","href":"https:\/\/api.w.org\/{rel}","templated":true}]}}