{"id":95426,"date":"2026-04-03T22:30:55","date_gmt":"2026-04-03T20:30:55","guid":{"rendered":"https:\/\/wahlengraubuenden.spschweiz.ch\/oberengadin\/"},"modified":"2026-04-04T08:06:52","modified_gmt":"2026-04-04T06:06:52","slug":"oberengadin","status":"publish","type":"page","link":"https:\/\/wahlengraubuenden.ch\/it\/oberengadin\/","title":{"rendered":"Oberengadin"},"content":{"rendered":"\t\t<div data-elementor-type=\"wp-post\" data-elementor-id=\"95426\" class=\"elementor elementor-95426 elementor-94853\" data-elementor-post-type=\"page\">\n\t\t\t\t\t\t<section class=\"elementor-section elementor-top-section elementor-element elementor-element-642b70eb37bc5 elementor-section-boxed elementor-section-height-default elementor-section-height-default\" data-id=\"642b70eb37bc5\" data-element_type=\"section\" data-settings=\"{&quot;jet_parallax_layout_list&quot;:[]}\">\n\t\t\t\t\t\t<div class=\"elementor-container elementor-column-gap-no\">\n\t\t\t\t\t<div class=\"elementor-column elementor-col-100 elementor-top-column elementor-element elementor-element-09956e8\" data-id=\"09956e8\" data-element_type=\"column\">\n\t\t\t<div class=\"elementor-widget-wrap elementor-element-populated\">\n\t\t\t\t\t\t<div class=\"elementor-element elementor-element-36e41f2 elementor-widget elementor-widget-spps_person_grid\" data-id=\"36e41f2\" data-element_type=\"widget\" data-widget_type=\"spps_person_grid.default\">\n\t\t\t\t<div class=\"elementor-widget-container\">\n\t\t\t\t\t<div class=\"button-list-wrapper \"><div class=\"button-list-title\"><h2>Le nostre candidature Oberengadin<\/h2><\/div><div class=\"button-list-container\"><div class=\"persons persons-grid-4\"><div class=\"persons-items\"><div class=\"persons-item\"><div class=\"person-container\"><div class=\"person-portrait\"><a href=\"https:\/\/wahlengraubuenden.ch\/it\/person\/franziska-preisig\/\"><img decoding=\"async\" src=\"https:\/\/wahlengraubuenden.ch\/wp-content\/uploads\/sites\/22\/2026\/03\/Preisig-Franziska-600x600.jpg?v=1772604725\" alt=\"Franziska Preisig (bisher)\" loading=\"lazy\"><\/a><\/div><div class=\"person-content\"><a href=\"https:\/\/wahlengraubuenden.ch\/it\/person\/franziska-preisig\/\" class=\"person-name\"><p><strong>Franziska Preisig (bisher)<\/strong><\/p><\/a><p class=\"person-position\">Freischaffende Juristin und Dozentin, Grossr\u00e4tin<\/p><\/div><\/div><\/div><div class=\"persons-item\"><div class=\"person-container\"><div class=\"person-portrait\"><a href=\"https:\/\/wahlengraubuenden.ch\/it\/person\/selina-nicolay\/\"><img decoding=\"async\" src=\"https:\/\/wahlengraubuenden.ch\/wp-content\/uploads\/sites\/22\/2026\/03\/Nicolay-Selina-600x600.jpg?v=1773862610\" alt=\"Selina Nicolay (bisher)\" loading=\"lazy\"><\/a><\/div><div class=\"person-content\"><a href=\"https:\/\/wahlengraubuenden.ch\/it\/person\/selina-nicolay\/\" class=\"person-name\"><p><strong>Selina Nicolay (bisher)<\/strong><\/p><\/a><p class=\"person-position\">Gemeindepr\u00e4sidentin Bever, Grossr\u00e4tin<\/p><\/div><\/div><\/div><div class=\"persons-item\"><div class=\"person-container\"><div class=\"person-portrait\"><a href=\"https:\/\/wahlengraubuenden.ch\/it\/person\/alessandra-degiacomi\/\"><img decoding=\"async\" src=\"https:\/\/wahlengraubuenden.ch\/wp-content\/uploads\/sites\/22\/2026\/03\/Degiacomi-Alessandra-600x600.jpg?v=1773862699\" alt=\"Alessandra Degiacomi\" loading=\"lazy\"><\/a><\/div><div class=\"person-content\"><a href=\"https:\/\/wahlengraubuenden.ch\/it\/person\/alessandra-degiacomi\/\" class=\"person-name\"><p><strong>Alessandra Degiacomi<\/strong><\/p><\/a><p class=\"person-position\">Communications Managerin<\/p><\/div><\/div><\/div><div class=\"persons-item\"><div class=\"person-container\"><div class=\"person-portrait\"><a href=\"https:\/\/wahlengraubuenden.ch\/it\/person\/nare-yanik\/\"><img decoding=\"async\" src=\"https:\/\/wahlengraubuenden.ch\/wp-content\/uploads\/sites\/22\/2026\/02\/Nare-Yanik-600x600.jpg?v=1771711816\" alt=\"Yanik Nar\u00e9\" loading=\"lazy\"><\/a><\/div><div class=\"person-content\"><a href=\"https:\/\/wahlengraubuenden.ch\/it\/person\/nare-yanik\/\" class=\"person-name\"><p><strong>Yanik Nar\u00e9<\/strong><\/p><\/a><p class=\"person-position\">Tourismusstudium H\u00f6here Fachschule f\u00fcr Tourismus und Management<\/p><\/div><\/div><\/div><div class=\"persons-item\"><div class=\"person-container\"><div class=\"person-portrait\"><a href=\"https:\/\/wahlengraubuenden.ch\/it\/person\/julia-biffi\/\"><img decoding=\"async\" src=\"https:\/\/wahlengraubuenden.ch\/wp-content\/uploads\/sites\/22\/2026\/02\/Biffi-Julia-1-600x600.jpg?v=1771885860\" alt=\"Julia Biffi\" loading=\"lazy\"><\/a><\/div><div class=\"person-content\"><a href=\"https:\/\/wahlengraubuenden.ch\/it\/person\/julia-biffi\/\" class=\"person-name\"><p><strong>Julia Biffi<\/strong><\/p><\/a><p class=\"person-position\">Studentin Politikwissenschaften und Geschichte<\/p><\/div><\/div><\/div><div class=\"persons-item\"><div class=\"person-container\"><div class=\"person-portrait\"><a href=\"https:\/\/wahlengraubuenden.ch\/it\/person\/carola-bezzola\/\"><img decoding=\"async\" src=\"https:\/\/wahlengraubuenden.ch\/wp-content\/uploads\/sites\/22\/2026\/02\/Bezzola-Carola-600x600.jpg?v=1771711723\" alt=\"Carola Bezzola-Andina\" loading=\"lazy\"><\/a><\/div><div class=\"person-content\"><a href=\"https:\/\/wahlengraubuenden.ch\/it\/person\/carola-bezzola\/\" class=\"person-name\"><p><strong>Carola Bezzola-Andina<\/strong><\/p><\/a><p class=\"person-position\">Pensionierte Lehrerin, Heilp\u00e4dagogin, Psychomotoriktherapeutin<\/p><\/div><\/div><\/div><div class=\"persons-item\"><div class=\"person-container\"><div class=\"person-portrait\"><a href=\"https:\/\/wahlengraubuenden.ch\/it\/person\/giannina-flepp\/\"><img decoding=\"async\" src=\"https:\/\/wahlengraubuenden.ch\/wp-content\/uploads\/sites\/22\/2026\/02\/Flepp-Giannina-600x600.jpg?v=1771711772\" alt=\"Giannina Flepp\" loading=\"lazy\"><\/a><\/div><div class=\"person-content\"><a href=\"https:\/\/wahlengraubuenden.ch\/it\/person\/giannina-flepp\/\" class=\"person-name\"><p><strong>Giannina Flepp<\/strong><\/p><\/a><p class=\"person-position\">Kulturschaffende<\/p><\/div><\/div><\/div><div class=\"persons-item\"><div class=\"person-container\"><div class=\"person-portrait\"><a href=\"https:\/\/wahlengraubuenden.ch\/it\/person\/evaristo-crameri\/\"><img decoding=\"async\" src=\"https:\/\/wahlengraubuenden.ch\/wp-content\/uploads\/sites\/22\/2026\/02\/Crameri-Ernesto-1-600x600.jpg?v=1771885978\" alt=\"Evaristo Crameri\" loading=\"lazy\"><\/a><\/div><div class=\"person-content\"><a href=\"https:\/\/wahlengraubuenden.ch\/it\/person\/evaristo-crameri\/\" class=\"person-name\"><p><strong>Evaristo Crameri<\/strong><\/p><\/a><p class=\"person-position\">Oberstufenlehrer in Samedan<\/p><\/div><\/div><\/div><\/div><\/div><\/div><\/div>\t\t\t\t<\/div>\n\t\t\t\t<\/div>\n\t\t\t\t\t<\/div>\n\t\t<\/div>\n\t\t\t\t\t<\/div>\n\t\t<\/section>\n\t\t\t\t<section class=\"elementor-section elementor-top-section elementor-element elementor-element-933f0e1 elementor-section-boxed elementor-section-height-default elementor-section-height-default\" data-id=\"933f0e1\" data-element_type=\"section\" data-settings=\"{&quot;jet_parallax_layout_list&quot;:[]}\">\n\t\t\t\t\t\t<div class=\"elementor-container elementor-column-gap-default\">\n\t\t\t\t\t<div class=\"elementor-column elementor-col-50 elementor-top-column elementor-element elementor-element-996d7f5\" data-id=\"996d7f5\" data-element_type=\"column\">\n\t\t\t<div class=\"elementor-widget-wrap elementor-element-populated\">\n\t\t\t\t\t\t<div class=\"elementor-element elementor-element-0a7db63 elementor-widget elementor-widget-spps_button\" data-id=\"0a7db63\" data-element_type=\"widget\" data-widget_type=\"spps_button.default\">\n\t\t\t\t<div class=\"elementor-widget-container\">\n\t\t\t\t\t<div class=\"button-wrapper button-wrapper-left\"><a href=\"https:\/\/wahlengraubuenden.ch\/it\/le-nostre-candidature\/\"  target=\"_self\" class=\"button-link button-link-default\" >Tutte le candidature<\/a><\/div>\t\t\t\t<\/div>\n\t\t\t\t<\/div>\n\t\t\t\t\t<\/div>\n\t\t<\/div>\n\t\t\t\t<div class=\"elementor-column elementor-col-50 elementor-top-column elementor-element elementor-element-f1201d7\" data-id=\"f1201d7\" data-element_type=\"column\">\n\t\t\t<div class=\"elementor-widget-wrap elementor-element-populated\">\n\t\t\t\t\t\t<div class=\"elementor-element elementor-element-14b2e8e elementor-widget elementor-widget-spps_button\" data-id=\"14b2e8e\" data-element_type=\"widget\" data-widget_type=\"spps_button.default\">\n\t\t\t\t<div class=\"elementor-widget-container\">\n\t\t\t\t\t<div class=\"button-wrapper button-wrapper-left\"><a href=\"https:\/\/wahlengraubuenden.ch\/it\/wahlkreise\/\"  target=\"_self\" class=\"button-link button-link-default\" >Circondari elettorali<\/a><\/div>\t\t\t\t<\/div>\n\t\t\t\t<\/div>\n\t\t\t\t\t<\/div>\n\t\t<\/div>\n\t\t\t\t\t<\/div>\n\t\t<\/section>\n\t\t\t\t<\/div>\n\t\t","protected":false},"excerpt":{"rendered":"<p>Le nostre candidature Oberengadin Franziska Preisig (bisher) Freischaffende Juristin und Dozentin, Grossr\u00e4tin Selina Nicolay (bisher) Gemeindepr\u00e4sidentin Bever, Grossr\u00e4tin Alessandra Degiacomi Communications Managerin Yanik Nar\u00e9 Tourismusstudium H\u00f6here Fachschule f\u00fcr Tourismus und [&hellip;]<\/p>\n","protected":false},"author":13,"featured_media":0,"parent":0,"menu_order":21,"comment_status":"closed","ping_status":"closed","template":"","meta":{"footnotes":""},"class_list":["post-95426","page","type-page","status-publish","hentry"],"_links":{"self":[{"href":"https:\/\/wahlengraubuenden.ch\/it\/wp-json\/wp\/v2\/pages\/95426","targetHints":{"allow":["GET"]}}],"collection":[{"href":"https:\/\/wahlengraubuenden.ch\/it\/wp-json\/wp\/v2\/pages"}],"about":[{"href":"https:\/\/wahlengraubuenden.ch\/it\/wp-json\/wp\/v2\/types\/page"}],"author":[{"embeddable":true,"href":"https:\/\/wahlengraubuenden.ch\/it\/wp-json\/wp\/v2\/users\/13"}],"replies":[{"embeddable":true,"href":"https:\/\/wahlengraubuenden.ch\/it\/wp-json\/wp\/v2\/comments?post=95426"}],"version-history":[{"count":1,"href":"https:\/\/wahlengraubuenden.ch\/it\/wp-json\/wp\/v2\/pages\/95426\/revisions"}],"predecessor-version":[{"id":95427,"href":"https:\/\/wahlengraubuenden.ch\/it\/wp-json\/wp\/v2\/pages\/95426\/revisions\/95427"}],"wp:attachment":[{"href":"https:\/\/wahlengraubuenden.ch\/it\/wp-json\/wp\/v2\/media?parent=95426"}],"curies":[{"name":"wp","href":"https:\/\/api.w.org\/{rel}","templated":true}]}}