{"id":95405,"date":"2026-04-03T22:21:09","date_gmt":"2026-04-03T20:21:09","guid":{"rendered":"https:\/\/wahlengraubuenden.spschweiz.ch\/ilanz\/"},"modified":"2026-04-08T18:44:50","modified_gmt":"2026-04-08T16:44:50","slug":"ilanz","status":"publish","type":"page","link":"https:\/\/wahlengraubuenden.ch\/it\/ilanz\/","title":{"rendered":"Ilanz"},"content":{"rendered":"\t\t<div data-elementor-type=\"wp-post\" data-elementor-id=\"95405\" class=\"elementor elementor-95405 elementor-94819\" data-elementor-post-type=\"page\">\n\t\t\t\t\t\t<section class=\"elementor-section elementor-top-section elementor-element elementor-element-642b70eb37bc5 elementor-section-boxed elementor-section-height-default elementor-section-height-default\" data-id=\"642b70eb37bc5\" data-element_type=\"section\" data-settings=\"{&quot;jet_parallax_layout_list&quot;:[]}\">\n\t\t\t\t\t\t<div class=\"elementor-container elementor-column-gap-no\">\n\t\t\t\t\t<div class=\"elementor-column elementor-col-100 elementor-top-column elementor-element elementor-element-09956e8\" data-id=\"09956e8\" data-element_type=\"column\">\n\t\t\t<div class=\"elementor-widget-wrap elementor-element-populated\">\n\t\t\t\t\t\t<div class=\"elementor-element elementor-element-36e41f2 elementor-widget elementor-widget-spps_person_grid\" data-id=\"36e41f2\" data-element_type=\"widget\" data-widget_type=\"spps_person_grid.default\">\n\t\t\t\t<div class=\"elementor-widget-container\">\n\t\t\t\t\t<div class=\"button-list-wrapper \"><div class=\"button-list-title\"><h2>Le nostre candidature Ilanz<\/h2><\/div><div class=\"button-list-container\"><div class=\"persons persons-grid-3\"><div class=\"persons-items\"><div class=\"persons-item\"><div class=\"person-container\"><div class=\"person-portrait\"><a href=\"https:\/\/wahlengraubuenden.ch\/it\/person\/silvio-dietrich\/\"><img decoding=\"async\" src=\"https:\/\/wahlengraubuenden.ch\/wp-content\/uploads\/sites\/22\/2026\/02\/Dietrich-Silvio-600x600.jpg?v=1771711760\" alt=\"Silvio Dietrich (bisher)\" loading=\"lazy\"><\/a><\/div><div class=\"person-content\"><a href=\"https:\/\/wahlengraubuenden.ch\/it\/person\/silvio-dietrich\/\" class=\"person-name\"><p><strong>Silvio Dietrich (bisher)<\/strong><\/p><\/a><p class=\"person-position\">Leiter Bildung, Kultur und Sprache bei Lia Rumantscha, Gesch\u00e4ftsinhaber der Beratungsfirma sQuola.ch GmbH<\/p><\/div><\/div><\/div><div class=\"persons-item\"><div class=\"person-container\"><div class=\"person-portrait\"><a href=\"https:\/\/wahlengraubuenden.ch\/it\/person\/michal-hohl\/\"><img decoding=\"async\" src=\"https:\/\/wahlengraubuenden.ch\/wp-content\/uploads\/sites\/22\/2026\/02\/Hohl-Michal-1-600x600.jpg?v=1772016035\" alt=\"Michal Hohl\" loading=\"lazy\"><\/a><\/div><div class=\"person-content\"><a href=\"https:\/\/wahlengraubuenden.ch\/it\/person\/michal-hohl\/\" class=\"person-name\"><p><strong>Michal Hohl<\/strong><\/p><\/a><p class=\"person-position\">Lehrperson, Gemeindevorstand Ilanz\/Glion<\/p><\/div><\/div><\/div><div class=\"persons-item\"><div class=\"person-container\"><div class=\"person-portrait\"><a href=\"https:\/\/wahlengraubuenden.ch\/it\/person\/uolf-candrian\/\"><img decoding=\"async\" src=\"https:\/\/wahlengraubuenden.ch\/wp-content\/uploads\/sites\/22\/2026\/02\/Candrian-Uolf-600x600.jpg?v=1771711744\" alt=\"Uolf Candrian\" loading=\"lazy\"><\/a><\/div><div class=\"person-content\"><a href=\"https:\/\/wahlengraubuenden.ch\/it\/person\/uolf-candrian\/\" class=\"person-name\"><p><strong>Uolf Candrian<\/strong><\/p><\/a><p class=\"person-position\">Museum Regiunal Surselva \/ Promotur regiunal Lia Rumantscha<\/p><\/div><\/div><\/div><div class=\"persons-item\"><div class=\"person-container\"><div class=\"person-portrait\"><a href=\"https:\/\/wahlengraubuenden.ch\/it\/person\/nina-pfaff\/\"><img decoding=\"async\" src=\"https:\/\/wahlengraubuenden.ch\/wp-content\/uploads\/sites\/22\/2026\/04\/Pfaff-Nina-600x600.jpg?v=1775335024\" alt=\"Nina Pfaff\" loading=\"lazy\"><\/a><\/div><div class=\"person-content\"><a href=\"https:\/\/wahlengraubuenden.ch\/it\/person\/nina-pfaff\/\" class=\"person-name\"><p><strong>Nina Pfaff<\/strong><\/p><\/a><p class=\"person-position\">Stv. Gesch\u00e4ftsf\u00fchrerin Bergwaldprojekt, Schulr\u00e4tin<\/p><\/div><\/div><\/div><div class=\"persons-item\"><div class=\"person-container\"><div class=\"person-portrait\"><a href=\"https:\/\/wahlengraubuenden.ch\/it\/person\/samuel-bislin\/\"><img decoding=\"async\" src=\"https:\/\/wahlengraubuenden.ch\/wp-content\/uploads\/sites\/22\/2026\/04\/Bislin-Samuel-600x600.jpg?v=1775335188\" alt=\"Samuel Bislin\" loading=\"lazy\"><\/a><\/div><div class=\"person-content\"><a href=\"https:\/\/wahlengraubuenden.ch\/it\/person\/samuel-bislin\/\" class=\"person-name\"><p><strong>Samuel Bislin<\/strong><\/p><\/a><p class=\"person-position\">Umweltingenieur ETH<\/p><\/div><\/div><\/div><div class=\"persons-item\"><div class=\"person-container\"><div class=\"person-portrait\"><a href=\"https:\/\/wahlengraubuenden.ch\/it\/person\/daniel-tata-schneider\/\"><img decoding=\"async\" src=\"https:\/\/wahlengraubuenden.ch\/wp-content\/uploads\/sites\/22\/2026\/04\/Schneider-Daniel-600x600.jpg?v=1775335367\" alt=\"Daniel Tata Schneider\" loading=\"lazy\"><\/a><\/div><div class=\"person-content\"><a href=\"https:\/\/wahlengraubuenden.ch\/it\/person\/daniel-tata-schneider\/\" class=\"person-name\"><p><strong>Daniel Tata Schneider<\/strong><\/p><\/a><p class=\"person-position\">Architekt ETH SIA<\/p><\/div><\/div><\/div><\/div><\/div><\/div><\/div>\t\t\t\t<\/div>\n\t\t\t\t<\/div>\n\t\t\t\t\t<\/div>\n\t\t<\/div>\n\t\t\t\t\t<\/div>\n\t\t<\/section>\n\t\t\t\t<section class=\"elementor-section elementor-top-section elementor-element elementor-element-933f0e1 elementor-section-boxed elementor-section-height-default elementor-section-height-default\" data-id=\"933f0e1\" data-element_type=\"section\" data-settings=\"{&quot;jet_parallax_layout_list&quot;:[]}\">\n\t\t\t\t\t\t<div class=\"elementor-container elementor-column-gap-default\">\n\t\t\t\t\t<div class=\"elementor-column elementor-col-50 elementor-top-column elementor-element elementor-element-996d7f5\" data-id=\"996d7f5\" data-element_type=\"column\">\n\t\t\t<div class=\"elementor-widget-wrap elementor-element-populated\">\n\t\t\t\t\t\t<div class=\"elementor-element elementor-element-0a7db63 elementor-widget elementor-widget-spps_button\" data-id=\"0a7db63\" data-element_type=\"widget\" data-widget_type=\"spps_button.default\">\n\t\t\t\t<div class=\"elementor-widget-container\">\n\t\t\t\t\t<div class=\"button-wrapper button-wrapper-left\"><a href=\"https:\/\/wahlengraubuenden.ch\/it\/le-nostre-candidature\/\"  target=\"_self\" class=\"button-link button-link-default\" >Tutte le candidature<\/a><\/div>\t\t\t\t<\/div>\n\t\t\t\t<\/div>\n\t\t\t\t\t<\/div>\n\t\t<\/div>\n\t\t\t\t<div class=\"elementor-column elementor-col-50 elementor-top-column elementor-element elementor-element-f1201d7\" data-id=\"f1201d7\" data-element_type=\"column\">\n\t\t\t<div class=\"elementor-widget-wrap elementor-element-populated\">\n\t\t\t\t\t\t<div class=\"elementor-element elementor-element-14b2e8e elementor-widget elementor-widget-spps_button\" data-id=\"14b2e8e\" data-element_type=\"widget\" data-widget_type=\"spps_button.default\">\n\t\t\t\t<div class=\"elementor-widget-container\">\n\t\t\t\t\t<div class=\"button-wrapper button-wrapper-left\"><a href=\"https:\/\/wahlengraubuenden.ch\/it\/wahlkreise\/\"  target=\"_self\" class=\"button-link button-link-default\" >Circondari elettorali<\/a><\/div>\t\t\t\t<\/div>\n\t\t\t\t<\/div>\n\t\t\t\t\t<\/div>\n\t\t<\/div>\n\t\t\t\t\t<\/div>\n\t\t<\/section>\n\t\t\t\t<\/div>\n\t\t","protected":false},"excerpt":{"rendered":"<p>Le nostre candidature Ilanz Silvio Dietrich (bisher) Leiter Bildung, Kultur und Sprache bei Lia Rumantscha, Gesch\u00e4ftsinhaber der Beratungsfirma sQuola.ch GmbH Michal Hohl Lehrperson, Gemeindevorstand Ilanz\/Glion Uolf Candrian Museum Regiunal Surselva [&hellip;]<\/p>\n","protected":false},"author":13,"featured_media":0,"parent":0,"menu_order":14,"comment_status":"closed","ping_status":"closed","template":"","meta":{"footnotes":""},"class_list":["post-95405","page","type-page","status-publish","hentry"],"_links":{"self":[{"href":"https:\/\/wahlengraubuenden.ch\/it\/wp-json\/wp\/v2\/pages\/95405","targetHints":{"allow":["GET"]}}],"collection":[{"href":"https:\/\/wahlengraubuenden.ch\/it\/wp-json\/wp\/v2\/pages"}],"about":[{"href":"https:\/\/wahlengraubuenden.ch\/it\/wp-json\/wp\/v2\/types\/page"}],"author":[{"embeddable":true,"href":"https:\/\/wahlengraubuenden.ch\/it\/wp-json\/wp\/v2\/users\/13"}],"replies":[{"embeddable":true,"href":"https:\/\/wahlengraubuenden.ch\/it\/wp-json\/wp\/v2\/comments?post=95405"}],"version-history":[{"count":5,"href":"https:\/\/wahlengraubuenden.ch\/it\/wp-json\/wp\/v2\/pages\/95405\/revisions"}],"predecessor-version":[{"id":96095,"href":"https:\/\/wahlengraubuenden.ch\/it\/wp-json\/wp\/v2\/pages\/95405\/revisions\/96095"}],"wp:attachment":[{"href":"https:\/\/wahlengraubuenden.ch\/it\/wp-json\/wp\/v2\/media?parent=95405"}],"curies":[{"name":"wp","href":"https:\/\/api.w.org\/{rel}","templated":true}]}}